{"id":10,"date":"2024-05-14T07:37:59","date_gmt":"2024-05-14T07:37:59","guid":{"rendered":"https:\/\/iluhooldus.ee\/kontakt\/"},"modified":"2024-08-15T05:28:05","modified_gmt":"2024-08-15T02:28:05","slug":"kontakt","status":"publish","type":"page","link":"https:\/\/iluhooldus.ee\/ru\/kontakt\/","title":{"rendered":"\u041a\u043e\u043d\u0442\u0430\u043a\u0442"},"content":{"rendered":"\n<div class=\"wp-block-group alignfull has-background-background-color has-background has-global-padding is-layout-constrained wp-block-group-is-layout-constrained\" style=\"margin-top:0;margin-bottom:0;padding-top:0\">\n<div class=\"wp-block-cover alignfull has-global-padding is-layout-constrained wp-container-core-cover-is-layout-17d11c15 wp-block-cover-is-layout-constrained\" style=\"padding-top:0;padding-right:var(--wp--preset--spacing--30);padding-bottom:0;padding-left:var(--wp--preset--spacing--30);min-height:50px;aspect-ratio:unset;\"><span aria-hidden=\"true\" class=\"wp-block-cover__background has-black-background-color has-background-dim\"><\/span><img loading=\"lazy\" decoding=\"async\" width=\"1792\" height=\"1024\" class=\"wp-block-cover__image-background wp-image-98\" alt=\"\" src=\"https:\/\/iluhooldus.ee\/wp-content\/uploads\/2024\/05\/img-GWQld6CJ7bmMUWRhuOmJsbzk.png\" style=\"object-position:64% 18%\" data-object-fit=\"cover\" data-object-position=\"64% 18%\" srcset=\"https:\/\/iluhooldus.ee\/wp-content\/uploads\/2024\/05\/img-GWQld6CJ7bmMUWRhuOmJsbzk.png 1792w, https:\/\/iluhooldus.ee\/wp-content\/uploads\/2024\/05\/img-GWQld6CJ7bmMUWRhuOmJsbzk-300x171.png 300w, https:\/\/iluhooldus.ee\/wp-content\/uploads\/2024\/05\/img-GWQld6CJ7bmMUWRhuOmJsbzk-1024x585.png 1024w, https:\/\/iluhooldus.ee\/wp-content\/uploads\/2024\/05\/img-GWQld6CJ7bmMUWRhuOmJsbzk-768x439.png 768w, https:\/\/iluhooldus.ee\/wp-content\/uploads\/2024\/05\/img-GWQld6CJ7bmMUWRhuOmJsbzk-1536x878.png 1536w\" sizes=\"auto, (max-width: 1792px) 100vw, 1792px\" \/><div class=\"wp-block-cover__inner-container\"><\/div><\/div>\n<\/div>\n\n\n\n<div class=\"wp-block-columns alignfull is-layout-flex wp-container-core-columns-is-layout-28f84493 wp-block-columns-is-layout-flex\">\n<div class=\"wp-block-column is-layout-flow wp-block-column-is-layout-flow\" style=\"flex-basis:100%\">\n<div class=\"wp-block-group alignwide has-background-background-color has-background is-vertical is-content-justification-center is-layout-flex wp-container-core-group-is-layout-6973fdc1 wp-block-group-is-layout-flex\" style=\"margin-top:0;margin-bottom:0;padding-top:var(--wp--preset--spacing--30);padding-right:var(--wp--preset--spacing--30);padding-bottom:var(--wp--preset--spacing--30);padding-left:var(--wp--preset--spacing--30)\">\n<div class=\"wp-block-columns alignwide is-layout-flex wp-container-core-columns-is-layout-47c06fe3 wp-block-columns-is-layout-flex\">\n<div class=\"wp-block-column has-global-padding is-content-justification-center is-layout-constrained wp-block-column-is-layout-constrained\" style=\"padding-top:0;padding-bottom:0;flex-basis:100%\">\n<h3 class=\"wp-block-heading has-text-align-center\">T\u00e4ida ankeet, me v\u00f5tame \u00fchendust ja paneme Teile aja.<\/h3>\n\n\n<style id=\"wpforms-css-vars-18-block-be393d83-541d-43df-b949-215dc25d879f\">\n\t\t\t\t#wpforms-18.wpforms-block-be393d83-541d-43df-b949-215dc25d879f {\n\t\t\t\t--wpforms-label-color: #262626;\n--wpforms-label-sublabel-color: #7f7f7f;\n--wpforms-label-error-color: #ff0000;\n--wpforms-page-break-color: #dddddd;\n--wpforms-field-border-radius: 0px;\n--wpforms-field-border-color: #cccccc;\n--wpforms-field-border-color-spare: #cccccc;\n--wpforms-field-text-color: #444444;\n--wpforms-button-border-style: solid;\n--wpforms-button-border-radius: 0px;\n--wpforms-button-background-color: #dddddd;\n--wpforms-button-text-color: #666666;\n--wpforms-button-border-color: #cccccc;\n--wpforms-field-size-input-height: 31px;\n--wpforms-field-size-input-spacing: 10px;\n--wpforms-field-size-font-size: 14px;\n--wpforms-field-size-line-height: 17px;\n--wpforms-field-size-padding-h: 9px;\n--wpforms-field-size-checkbox-size: 14px;\n--wpforms-field-size-sublabel-spacing: 5px;\n--wpforms-field-size-icon-size: 0.75;\n--wpforms-label-size-font-size: 14px;\n--wpforms-label-size-line-height: 17px;\n--wpforms-label-size-sublabel-font-size: 13px;\n--wpforms-label-size-sublabel-line-height: 16px;\n--wpforms-button-size-font-size: 17px;\n--wpforms-button-size-height: 41px;\n--wpforms-button-size-padding-h: 15px;\n--wpforms-button-size-margin-top: 10px;\n\t\t\t}\n\t\t\t<\/style><div class=\"wpforms-container wpforms-container-full wpforms-block wpforms-block-be393d83-541d-43df-b949-215dc25d879f wpforms-render-modern\" id=\"wpforms-18\"><form id=\"wpforms-form-18\" class=\"wpforms-validate wpforms-form wpforms-ajax-form\" data-formid=\"18\" method=\"post\" enctype=\"multipart\/form-data\" action=\"\/ru\/wp-json\/wp\/v2\/pages\/10\" data-token=\"2e6c1c9dbd1f02eadcf9c7e85993d474\" data-token-time=\"1776594621\"><noscript class=\"wpforms-error-noscript\">\u0414\u043b\u044f \u0437\u0430\u043f\u043e\u043b\u043d\u0435\u043d\u0438\u044f \u0434\u0430\u043d\u043d\u043e\u0439 \u0444\u043e\u0440\u043c\u044b \u0432\u043a\u043b\u044e\u0447\u0438\u0442\u0435 JavaScript \u0432 \u0431\u0440\u0430\u0443\u0437\u0435\u0440\u0435.<\/noscript><div id=\"wpforms-error-noscript\" style=\"display: none;\">\u0414\u043b\u044f \u0437\u0430\u043f\u043e\u043b\u043d\u0435\u043d\u0438\u044f \u0434\u0430\u043d\u043d\u043e\u0439 \u0444\u043e\u0440\u043c\u044b \u0432\u043a\u043b\u044e\u0447\u0438\u0442\u0435 JavaScript \u0432 \u0431\u0440\u0430\u0443\u0437\u0435\u0440\u0435.<\/div><div class=\"wpforms-field-container\"><div id=\"wpforms-18-field_1-container\" class=\"wpforms-field wpforms-field-name\" data-field-id=\"1\"><label class=\"wpforms-field-label\" for=\"wpforms-18-field_1\">Nimi <span class=\"wpforms-required-label\" aria-hidden=\"true\">*<\/span><\/label><input type=\"text\" id=\"wpforms-18-field_1\" class=\"wpforms-field-large wpforms-field-required\" name=\"wpforms[fields][1]\" aria-errormessage=\"wpforms-18-field_1-error\" required><\/div><div id=\"wpforms-18-field_14-container\" class=\"wpforms-field wpforms-field-number\" data-field-id=\"14\"><label class=\"wpforms-field-label\" for=\"wpforms-18-field_14\">Telefoninumber <span class=\"wpforms-required-label\" aria-hidden=\"true\">*<\/span><\/label><input type=\"number\" id=\"wpforms-18-field_14\" class=\"wpforms-field-large wpforms-field-required\" name=\"wpforms[fields][14]\" step=\"any\" aria-errormessage=\"wpforms-18-field_14-error\" required><\/div><div id=\"wpforms-18-field_4-container\" class=\"wpforms-field wpforms-field-email\" data-field-id=\"4\"><label class=\"wpforms-field-label\" for=\"wpforms-18-field_4\">Email<\/label><input type=\"email\" id=\"wpforms-18-field_4\" class=\"wpforms-field-large\" name=\"wpforms[fields][4]\" spellcheck=\"false\" aria-errormessage=\"wpforms-18-field_4-error\" ><\/div><div id=\"wpforms-18-field_16-container\" class=\"wpforms-field wpforms-field-text\" data-field-id=\"16\"><label class=\"wpforms-field-label\" for=\"wpforms-18-field_16\">Sooduskood<\/label><input type=\"text\" id=\"wpforms-18-field_16\" class=\"wpforms-field-medium\" name=\"wpforms[fields][16]\" aria-errormessage=\"wpforms-18-field_16-error\" ><\/div><div id=\"wpforms-18-field_7-container\" class=\"wpforms-field wpforms-field-checkbox wpforms-list-3-columns\" data-field-id=\"7\"><fieldset><legend class=\"wpforms-field-label\">Valige protseduur <span class=\"wpforms-required-label\" aria-hidden=\"true\">*<\/span><\/legend><ul id=\"wpforms-18-field_7\" class=\"wpforms-field-required wpforms-image-choices wpforms-image-choices-none\" data-choice-limit=\"2\"><li class=\"choice-6 depth-1 wpforms-image-choices-item\"><label class=\"wpforms-field-label-inline\" for=\"wpforms-18-field_7_6\" tabindex=\"0\"><span class=\"wpforms-image-choices-image\"><img decoding=\"async\" src=\"https:\/\/iluhooldus.ee\/wp-content\/uploads\/2024\/05\/Soovige-mulle.png\" alt=\"Soovitage mulle!\" title=\"Soovitage mulle!\"><\/span><br><input type=\"checkbox\" id=\"wpforms-18-field_7_6\" data-rule-check-limit=\"true\" name=\"wpforms[fields][7][]\" value=\"Soovitage mulle!\" aria-errormessage=\"wpforms-18-field_7_6-error\" tabindex=\"-1\" required ><span class=\"wpforms-image-choices-label\">Soovitage mulle!<\/span><\/label><\/li><li class=\"choice-1 depth-1 wpforms-image-choices-item\"><label class=\"wpforms-field-label-inline\" for=\"wpforms-18-field_7_1\" tabindex=\"0\"><span class=\"wpforms-image-choices-image\"><img decoding=\"async\" src=\"https:\/\/iluhooldus.ee\/wp-content\/uploads\/2024\/05\/DSC08389-1.jpg\" alt=\"WISHPRO\" title=\"WISHPRO\"><\/span><br><input type=\"checkbox\" id=\"wpforms-18-field_7_1\" data-rule-check-limit=\"true\" name=\"wpforms[fields][7][]\" value=\"WISHPRO\" aria-errormessage=\"wpforms-18-field_7_1-error\" tabindex=\"-1\" required ><span class=\"wpforms-image-choices-label\">WISHPRO<\/span><\/label><\/li><li class=\"choice-2 depth-1 wpforms-image-choices-item\"><label class=\"wpforms-field-label-inline\" for=\"wpforms-18-field_7_2\" tabindex=\"0\"><span class=\"wpforms-image-choices-image\"><img decoding=\"async\" src=\"https:\/\/iluhooldus.ee\/wp-content\/uploads\/2024\/09\/top-view-young-woman-getting-skin-mask-treatment_23-21488253711.jpg\" alt=\"CRYSTAL CARBOXY\" title=\"CRYSTAL CARBOXY\"><\/span><br><input type=\"checkbox\" id=\"wpforms-18-field_7_2\" data-rule-check-limit=\"true\" name=\"wpforms[fields][7][]\" value=\"CRYSTAL CARBOXY\" aria-errormessage=\"wpforms-18-field_7_2-error\" tabindex=\"-1\" required ><span class=\"wpforms-image-choices-label\">CRYSTAL CARBOXY<\/span><\/label><\/li><li class=\"choice-3 depth-1 wpforms-image-choices-item\"><label class=\"wpforms-field-label-inline\" for=\"wpforms-18-field_7_3\" tabindex=\"0\"><span class=\"wpforms-image-choices-image\"><img decoding=\"async\" src=\"https:\/\/iluhooldus.ee\/wp-content\/uploads\/2024\/05\/UHH.png\" alt=\"ULTRAHELI\" title=\"ULTRAHELI\"><\/span><br><input type=\"checkbox\" id=\"wpforms-18-field_7_3\" data-rule-check-limit=\"true\" name=\"wpforms[fields][7][]\" value=\"ULTRAHELI\" aria-errormessage=\"wpforms-18-field_7_3-error\" tabindex=\"-1\" required ><span class=\"wpforms-image-choices-label\">ULTRAHELI<\/span><\/label><\/li><li class=\"choice-5 depth-1 wpforms-image-choices-item\"><label class=\"wpforms-field-label-inline\" for=\"wpforms-18-field_7_5\" tabindex=\"0\"><span class=\"wpforms-image-choices-image\"><img decoding=\"async\" src=\"https:\/\/iluhooldus.ee\/wp-content\/uploads\/2024\/09\/young-beautiful-woman-getting-face-skin-treatment-spa_23-21488253791.jpg\" alt=\"AQUALIFT\" title=\"AQUALIFT\"><\/span><br><input type=\"checkbox\" id=\"wpforms-18-field_7_5\" data-rule-check-limit=\"true\" name=\"wpforms[fields][7][]\" value=\"AQUALIFT\" aria-errormessage=\"wpforms-18-field_7_5-error\" tabindex=\"-1\" required ><span class=\"wpforms-image-choices-label\">AQUALIFT<\/span><\/label><\/li><li class=\"choice-4 depth-1 wpforms-image-choices-item\"><label class=\"wpforms-field-label-inline\" for=\"wpforms-18-field_7_4\" tabindex=\"0\"><span class=\"wpforms-image-choices-image\"><img decoding=\"async\" src=\"https:\/\/iluhooldus.ee\/wp-content\/uploads\/2026\/04\/nano.jpg\" alt=\"NANONEEDLING\" title=\"NANONEEDLING\"><\/span><br><input type=\"checkbox\" id=\"wpforms-18-field_7_4\" data-rule-check-limit=\"true\" name=\"wpforms[fields][7][]\" value=\"NANONEEDLING\" aria-errormessage=\"wpforms-18-field_7_4-error\" tabindex=\"-1\" required ><span class=\"wpforms-image-choices-label\">NANONEEDLING<\/span><\/label><\/li><li class=\"choice-9 depth-1 wpforms-image-choices-item\"><label class=\"wpforms-field-label-inline\" for=\"wpforms-18-field_7_9\" tabindex=\"0\"><span class=\"wpforms-image-choices-image\"><img decoding=\"async\" src=\"https:\/\/iluhooldus.ee\/wp-content\/uploads\/2026\/04\/facial-oygen.png\" alt=\"OXYGEN PEELING\" title=\"OXYGEN PEELING\"><\/span><br><input type=\"checkbox\" id=\"wpforms-18-field_7_9\" data-rule-check-limit=\"true\" name=\"wpforms[fields][7][]\" value=\"OXYGEN PEELING\" aria-errormessage=\"wpforms-18-field_7_9-error\" tabindex=\"-1\" required ><span class=\"wpforms-image-choices-label\">OXYGEN PEELING<\/span><\/label><\/li><li class=\"choice-10 depth-1 wpforms-image-choices-item\"><label class=\"wpforms-field-label-inline\" for=\"wpforms-18-field_7_10\" tabindex=\"0\"><span class=\"wpforms-image-choices-image\"><img decoding=\"async\" src=\"https:\/\/iluhooldus.ee\/wp-content\/uploads\/2026\/03\/ChatGPT-Image-Mar-31-2026-01_09_32-PM.png\" alt=\"CHARMYCO + LED\" title=\"CHARMYCO + LED\"><\/span><br><input type=\"checkbox\" id=\"wpforms-18-field_7_10\" data-rule-check-limit=\"true\" name=\"wpforms[fields][7][]\" value=\"CHARMYCO + LED\" aria-errormessage=\"wpforms-18-field_7_10-error\" tabindex=\"-1\" required ><span class=\"wpforms-image-choices-label\">CHARMYCO + LED<\/span><\/label><\/li><\/ul><\/fieldset><\/div><\/div><!-- .wpforms-field-container --><div class=\"wpforms-recaptcha-container wpforms-is-recaptcha wpforms-is-recaptcha-type-v2\" ><div class=\"g-recaptcha\" data-sitekey=\"6Leu1tspAAAAACRKPVH8nq0n3U75sqDyDb61YmF6\"><\/div><input type=\"text\" name=\"g-recaptcha-hidden\" class=\"wpforms-recaptcha-hidden\" style=\"position:absolute!important;clip:rect(0,0,0,0)!important;height:1px!important;width:1px!important;border:0!important;overflow:hidden!important;padding:0!important;margin:0!important;\" data-rule-recaptcha=\"1\"><\/div><div class=\"wpforms-submit-container\" ><input type=\"hidden\" name=\"wpforms[id]\" value=\"18\"><input type=\"hidden\" name=\"page_title\" value=\"\"><input type=\"hidden\" name=\"page_url\" value=\"https:\/\/iluhooldus.ee\/ru\/wp-json\/wp\/v2\/pages\/10\"><input type=\"hidden\" name=\"url_referer\" value=\"\"><button type=\"submit\" name=\"wpforms[submit]\" id=\"wpforms-submit-18\" class=\"wpforms-submit\" data-alt-text=\"Sinu esimene samm olla veelgi kaunim!\" data-submit-text=\"Saada\" aria-live=\"assertive\" value=\"wpforms-submit\">Saada<\/button><img loading=\"lazy\" decoding=\"async\" src=\"https:\/\/iluhooldus.ee\/wp-content\/plugins\/wpforms-lite\/assets\/images\/submit-spin.svg\" class=\"wpforms-submit-spinner\" style=\"display: none;\" width=\"26\" height=\"26\" alt=\"\u0417\u0430\u0433\u0440\u0443\u0437\u043a\u0430\"><\/div><\/form><\/div>  <!-- .wpforms-container --><\/div>\n<\/div>\n<\/div>\n<\/div>\n<\/div>\n\n\n\n<div class=\"wp-block-group alignfull has-background-background-color has-background has-global-padding is-layout-constrained wp-container-core-group-is-layout-69e97b25 wp-block-group-is-layout-constrained\" style=\"margin-top:0;margin-bottom:0;padding-top:var(--wp--preset--spacing--30);padding-right:var(--wp--preset--spacing--30);padding-bottom:var(--wp--preset--spacing--30);padding-left:var(--wp--preset--spacing--30)\">\n<div class=\"wp-block-columns alignwide is-layout-flex wp-container-core-columns-is-layout-fa584acd wp-block-columns-is-layout-flex\">\n<div class=\"wp-block-column is-layout-flow wp-block-column-is-layout-flow\" style=\"flex-basis:50%\">\n<h3 class=\"wp-block-heading has-large-font-size\">V\u00f5ta \u00fchendust meiega ja broneeri aeg professionaalseks n\u00e4ohoolduseks<\/h3>\n\n\n\n<p><strong>Hobujaama 4, Tallinn<\/strong><br><a href=\"tel:+37255521017\"><strong>+372 <\/strong><\/a><a href=\"tel:55521122\"><strong>5 552 1122<\/strong><\/a><br>Kuperjanovi 70, Tartu<br><strong><a href=\"tel:+3725513625\">+372 5551 3625<\/a><\/strong><\/p>\n\n\n\n<p class=\"has-small-font-size\" style=\"margin-top:8px\"><a href=\"mailto:royalgrace@royalgrace.ee\">royalgrace@royalgrace.ee<\/a><\/p>\n<\/div>\n\n\n\n<div class=\"wp-block-column is-layout-flow wp-block-column-is-layout-flow\" style=\"flex-basis:50%\">\n<div class=\"wp-block-columns is-layout-flex wp-container-core-columns-is-layout-28f84493 wp-block-columns-is-layout-flex\">\n<div class=\"wp-block-column is-layout-flow wp-block-column-is-layout-flow\" style=\"flex-basis:100%\">\n<div style=\"position: relative;overflow: hidden;padding-top: 75%\">\n  \n<\/div>\n<\/div>\n<\/div>\n\n\n\n<div style=\"position: relative;overflow: hidden;padding-top: 75%\">\n  \n<\/div>\n<\/div>\n<\/div>\n<\/div>\n","protected":false},"excerpt":{"rendered":"<p>T\u00e4ida ankeet, me v\u00f5tame \u00fchendust ja paneme Teile aja. V\u00f5ta \u00fchendust meiega ja broneeri aeg professionaalseks n\u00e4ohoolduseks Hobujaama 4, Tallinn+372 5 552 1122Kuperjanovi 70, Tartu+372 5551 3625 royalgrace@royalgrace.ee<\/p>","protected":false},"author":1,"featured_media":0,"parent":0,"menu_order":0,"comment_status":"closed","ping_status":"closed","template":"no-title","meta":{"footnotes":""},"class_list":["post-10","page","type-page","status-publish","hentry"],"jetpack_sharing_enabled":true,"_links":{"self":[{"href":"https:\/\/iluhooldus.ee\/ru\/wp-json\/wp\/v2\/pages\/10","targetHints":{"allow":["GET"]}}],"collection":[{"href":"https:\/\/iluhooldus.ee\/ru\/wp-json\/wp\/v2\/pages"}],"about":[{"href":"https:\/\/iluhooldus.ee\/ru\/wp-json\/wp\/v2\/types\/page"}],"author":[{"embeddable":true,"href":"https:\/\/iluhooldus.ee\/ru\/wp-json\/wp\/v2\/users\/1"}],"replies":[{"embeddable":true,"href":"https:\/\/iluhooldus.ee\/ru\/wp-json\/wp\/v2\/comments?post=10"}],"version-history":[{"count":15,"href":"https:\/\/iluhooldus.ee\/ru\/wp-json\/wp\/v2\/pages\/10\/revisions"}],"predecessor-version":[{"id":392,"href":"https:\/\/iluhooldus.ee\/ru\/wp-json\/wp\/v2\/pages\/10\/revisions\/392"}],"wp:attachment":[{"href":"https:\/\/iluhooldus.ee\/ru\/wp-json\/wp\/v2\/media?parent=10"}],"curies":[{"name":"wp","href":"https:\/\/api.w.org\/{rel}","templated":true}]}}