{"id":249,"date":"2024-09-25T13:52:16","date_gmt":"2024-09-25T10:52:16","guid":{"rendered":"https:\/\/iluhooldus.ee\/?page_id=249"},"modified":"2025-11-13T14:06:32","modified_gmt":"2025-11-13T11:06:32","slug":"nanoneedling","status":"publish","type":"page","link":"https:\/\/iluhooldus.ee\/ru\/nanoneedling\/","title":{"rendered":"\u041d\u0430\u043d\u043e\u043d\u0438\u0434\u043b\u0438\u043d\u0433"},"content":{"rendered":"\n<h2 class=\"wp-block-heading alignwide\">Nanoneedling<\/h2>\n\n\n\n<div class=\"wp-block-group alignfull has-background-background-color has-background has-global-padding is-layout-constrained wp-container-core-group-is-layout-4586491b wp-block-group-is-layout-constrained\" style=\"margin-top:0;margin-bottom:0;padding-top:var(--wp--preset--spacing--60);padding-right:var(--wp--preset--spacing--30);padding-bottom:0;padding-left:var(--wp--preset--spacing--30)\">\n<div class=\"wp-block-columns alignwide are-vertically-aligned-top is-layout-flex wp-container-core-columns-is-layout-9effc7d7 wp-block-columns-is-layout-flex\">\n<div class=\"wp-block-column is-vertically-aligned-top is-layout-flow wp-block-column-is-layout-flow\">\n<h3 class=\"wp-block-heading\"><strong>N\u00e4ohooldus noorendava efekti saavutamiseks<\/strong><\/h3>\n\n\n\n<p>Nanoneedlingu protseduur kasutab spetsiaalset nanoneedling tehnoloogiat, milles ei kasutata n\u00f5elu. Erilise otsiku abil tungib seerum s\u00fcgavatesse nahakihtidesse. Protseduuri k\u00e4igus tungivad toimeained, sealhulgas kollageen ja h\u00fcaluroonhape, s\u00fcgavale nahka, toites ja taastades seda seestpoolt.<br>Protseduur parandab naha v\u00e4ljan\u00e4gemist muutes naha siledamaks, pehmemaks ja elastsemaks. <\/p>\n<\/div>\n<\/div>\n<\/div>\n\n\n\n<div class=\"wp-block-columns alignwide are-vertically-aligned-top is-layout-flex wp-container-core-columns-is-layout-9effc7d7 wp-block-columns-is-layout-flex\">\n<div class=\"wp-block-column is-vertically-aligned-top is-layout-flow wp-block-column-is-layout-flow\"><style id=\"wpforms-css-vars-516-block-d794505c-5fa7-418b-be44-52cb1d3f91fd\">\n\t\t\t\t#wpforms-516.wpforms-block-d794505c-5fa7-418b-be44-52cb1d3f91fd {\n\t\t\t\t--wpforms-field-size-input-height: 43px;\n--wpforms-field-size-input-spacing: 15px;\n--wpforms-field-size-font-size: 16px;\n--wpforms-field-size-line-height: 19px;\n--wpforms-field-size-padding-h: 14px;\n--wpforms-field-size-checkbox-size: 16px;\n--wpforms-field-size-sublabel-spacing: 5px;\n--wpforms-field-size-icon-size: 1;\n--wpforms-label-size-font-size: 16px;\n--wpforms-label-size-line-height: 19px;\n--wpforms-label-size-sublabel-font-size: 14px;\n--wpforms-label-size-sublabel-line-height: 17px;\n--wpforms-button-size-font-size: 17px;\n--wpforms-button-size-height: 41px;\n--wpforms-button-size-padding-h: 15px;\n--wpforms-button-size-margin-top: 10px;\n\t\t\t}\n\t\t\t<\/style><div class=\"wpforms-container wpforms-container-full wpforms-block wpforms-block-d794505c-5fa7-418b-be44-52cb1d3f91fd wpforms-render-modern\" id=\"wpforms-516\"><form id=\"wpforms-form-516\" class=\"wpforms-validate wpforms-form wpforms-ajax-form\" data-formid=\"516\" method=\"post\" enctype=\"multipart\/form-data\" action=\"\/ru\/wp-json\/wp\/v2\/pages\/249\" data-token=\"abd86f58893d44114a0cd20f90759238\" data-token-time=\"1776588217\"><noscript class=\"wpforms-error-noscript\">\u0414\u043b\u044f \u0437\u0430\u043f\u043e\u043b\u043d\u0435\u043d\u0438\u044f \u0434\u0430\u043d\u043d\u043e\u0439 \u0444\u043e\u0440\u043c\u044b \u0432\u043a\u043b\u044e\u0447\u0438\u0442\u0435 JavaScript \u0432 \u0431\u0440\u0430\u0443\u0437\u0435\u0440\u0435.<\/noscript><div id=\"wpforms-error-noscript\" style=\"display: none;\">\u0414\u043b\u044f \u0437\u0430\u043f\u043e\u043b\u043d\u0435\u043d\u0438\u044f \u0434\u0430\u043d\u043d\u043e\u0439 \u0444\u043e\u0440\u043c\u044b \u0432\u043a\u043b\u044e\u0447\u0438\u0442\u0435 JavaScript \u0432 \u0431\u0440\u0430\u0443\u0437\u0435\u0440\u0435.<\/div><div class=\"wpforms-field-container\">\t\t<div id=\"wpforms-516-field_1-container\"\n\t\t\tclass=\"wpforms-field wpforms-field-text\"\n\t\t\tdata-field-type=\"text\"\n\t\t\tdata-field-id=\"1\"\n\t\t\t>\n\t\t\t<label class=\"wpforms-field-label\" for=\"wpforms-516-field_1\" >E-mail number Telefoni<\/label>\n\t\t\t<input type=\"text\" id=\"wpforms-516-field_1\" class=\"wpforms-field-medium\" name=\"wpforms[fields][1]\" >\n\t\t<\/div>\n\t\t<div id=\"wpforms-516-field_7-container\" class=\"wpforms-field wpforms-field-text\" data-field-id=\"7\"><label class=\"wpforms-field-label\" for=\"wpforms-516-field_7\">Nimi <span class=\"wpforms-required-label\" aria-hidden=\"true\">*<\/span><\/label><input type=\"text\" id=\"wpforms-516-field_7\" class=\"wpforms-field-large wpforms-field-required\" name=\"wpforms[fields][7]\" aria-errormessage=\"wpforms-516-field_7-error\" required><\/div><div id=\"wpforms-516-field_8-container\" class=\"wpforms-field wpforms-field-text\" data-field-id=\"8\"><label class=\"wpforms-field-label\" for=\"wpforms-516-field_8\">Telefoni number <span class=\"wpforms-required-label\" aria-hidden=\"true\">*<\/span><\/label><input type=\"text\" id=\"wpforms-516-field_8\" class=\"wpforms-field-large wpforms-field-required\" name=\"wpforms[fields][8]\" aria-errormessage=\"wpforms-516-field_8-error\" required><\/div><div id=\"wpforms-516-field_9-container\" class=\"wpforms-field wpforms-field-text\" data-field-id=\"9\"><label class=\"wpforms-field-label\" for=\"wpforms-516-field_9\">E-mail <span class=\"wpforms-required-label\" aria-hidden=\"true\">*<\/span><\/label><input type=\"text\" id=\"wpforms-516-field_9\" class=\"wpforms-field-large wpforms-field-required\" name=\"wpforms[fields][9]\" aria-errormessage=\"wpforms-516-field_9-error\" required><\/div><script>\n\t\t\t\t( function() {\n\t\t\t\t\tconst style = document.createElement( 'style' );\n\t\t\t\t\tstyle.appendChild( document.createTextNode( '#wpforms-516-field_1-container { position: absolute !important; overflow: hidden !important; display: inline !important; height: 1px !important; width: 1px !important; z-index: -1000 !important; padding: 0 !important; } #wpforms-516-field_1-container input { visibility: hidden; } #wpforms-conversational-form-page #wpforms-516-field_1-container label { counter-increment: none; }' ) );\n\t\t\t\t\tdocument.head.appendChild( style );\n\t\t\t\t\tdocument.currentScript?.remove();\n\t\t\t\t} )();\n\t\t\t<\/script><\/div><!-- .wpforms-field-container --><div class=\"wpforms-submit-container\" ><input type=\"hidden\" name=\"wpforms[id]\" value=\"516\"><input type=\"hidden\" name=\"page_title\" value=\"\"><input type=\"hidden\" name=\"page_url\" value=\"https:\/\/iluhooldus.ee\/ru\/wp-json\/wp\/v2\/pages\/249\"><input type=\"hidden\" name=\"url_referer\" value=\"\"><button type=\"submit\" name=\"wpforms[submit]\" id=\"wpforms-submit-516\" class=\"wpforms-submit\" aria-live=\"assertive\" value=\"wpforms-submit\">Broneeri<\/button><img loading=\"lazy\" decoding=\"async\" src=\"https:\/\/iluhooldus.ee\/wp-content\/plugins\/wpforms-lite\/assets\/images\/submit-spin.svg\" class=\"wpforms-submit-spinner\" style=\"display: none;\" width=\"26\" height=\"26\" alt=\"\u0417\u0430\u0433\u0440\u0443\u0437\u043a\u0430\"><\/div><\/form><\/div>  <!-- .wpforms-container --><\/div>\n\n\n\n<div class=\"wp-block-column is-vertically-aligned-top is-layout-flow wp-block-column-is-layout-flow\">\n<figure class=\"wp-block-image size-large is-resized\"><img loading=\"lazy\" decoding=\"async\" width=\"1024\" height=\"1024\" src=\"https:\/\/iluhooldus.ee\/wp-content\/uploads\/2025\/01\/Nanoneedling-EST-1024x1024.jpg\" alt=\"\" class=\"wp-image-412\" style=\"width:584px;height:auto\" srcset=\"https:\/\/iluhooldus.ee\/wp-content\/uploads\/2025\/01\/Nanoneedling-EST-1024x1024.jpg 1024w, https:\/\/iluhooldus.ee\/wp-content\/uploads\/2025\/01\/Nanoneedling-EST-300x300.jpg 300w, https:\/\/iluhooldus.ee\/wp-content\/uploads\/2025\/01\/Nanoneedling-EST-150x150.jpg 150w, https:\/\/iluhooldus.ee\/wp-content\/uploads\/2025\/01\/Nanoneedling-EST-768x768.jpg 768w, https:\/\/iluhooldus.ee\/wp-content\/uploads\/2025\/01\/Nanoneedling-EST-1536x1536.jpg 1536w, https:\/\/iluhooldus.ee\/wp-content\/uploads\/2025\/01\/Nanoneedling-EST-12x12.jpg 12w, https:\/\/iluhooldus.ee\/wp-content\/uploads\/2025\/01\/Nanoneedling-EST.jpg 1800w\" sizes=\"auto, (max-width: 1024px) 100vw, 1024px\" \/><\/figure>\n<\/div>\n<\/div>\n\n\n\n<div class=\"wp-block-group alignfull has-background-background-color has-background has-global-padding is-layout-constrained wp-container-core-group-is-layout-33e8f939 wp-block-group-is-layout-constrained\" style=\"margin-top:0;margin-bottom:0;padding-top:0;padding-right:var(--wp--preset--spacing--30);padding-bottom:0;padding-left:var(--wp--preset--spacing--30)\">\n<div class=\"wp-block-columns alignwide is-layout-flex wp-container-core-columns-is-layout-47c06fe3 wp-block-columns-is-layout-flex\">\n<div class=\"wp-block-column is-vertically-aligned-top is-layout-flow wp-block-column-is-layout-flow\" style=\"flex-basis:50%\">\n<h3 class=\"wp-block-heading has-text-align-left\" style=\"margin-top:12px\">Miks see on eriline?<\/h3>\n\n\n\n<figure class=\"wp-block-image size-large is-resized\"><img loading=\"lazy\" decoding=\"async\" width=\"1024\" height=\"683\" src=\"https:\/\/iluhooldus.ee\/wp-content\/uploads\/2024\/09\/DSC08437-1024x683.jpg\" alt=\"\" class=\"wp-image-253\" style=\"width:575px;height:auto\" srcset=\"https:\/\/iluhooldus.ee\/wp-content\/uploads\/2024\/09\/DSC08437-1024x683.jpg 1024w, https:\/\/iluhooldus.ee\/wp-content\/uploads\/2024\/09\/DSC08437-300x200.jpg 300w, https:\/\/iluhooldus.ee\/wp-content\/uploads\/2024\/09\/DSC08437-768x512.jpg 768w, https:\/\/iluhooldus.ee\/wp-content\/uploads\/2024\/09\/DSC08437-1536x1024.jpg 1536w, https:\/\/iluhooldus.ee\/wp-content\/uploads\/2024\/09\/DSC08437-18x12.jpg 18w, https:\/\/iluhooldus.ee\/wp-content\/uploads\/2024\/09\/DSC08437.jpg 2048w\" sizes=\"auto, (max-width: 1024px) 100vw, 1024px\" \/><\/figure>\n<\/div>\n\n\n\n<div class=\"wp-block-column is-layout-flow wp-container-core-column-is-layout-f5bb311e wp-block-column-is-layout-flow\" style=\"flex-basis:50%\">\n<p><\/p>\n\n\n\n<p><\/p>\n\n\n\n<p>Lisaks naha tekstuuri parandamisele aitab <strong>nanoneedling<\/strong> protseduur v\u00e4hendada ka kortse ja peenikesi jooni. Protseduuri k\u00e4igus stimuleeritakse kollageeni tootmist nahas, mis muudab naha pringimaks ja pinguldab seda.<\/p>\n\n\n\n<p>Regulaarsete protseduuridega v\u00f5ib m\u00e4rgata m\u00e4rkimisv\u00e4\u00e4rset noorendavat efekti, kus kortsud muutuvad v\u00e4hem m\u00e4rgatavaks ning nahk n\u00e4eb v\u00e4lja siledam ja nooruslikum.<\/p>\n\n\n\n<p>Nanoneedling on ohutu ja mitteinvasiivne protseduur, sobides peaaegu k\u00f5igile nahat\u00fc\u00fcpidele. Soovitatav on siiski konsulteerida spetsialistiga, et tagada protseduuri sobivus ja saavutada parimad tulemused.<\/p>\n<\/div>\n<\/div>\n<\/div>\n\n\n\n<div class=\"wp-block-group alignfull has-background-background-color has-background has-global-padding is-layout-constrained wp-container-core-group-is-layout-7276a2bb wp-block-group-is-layout-constrained\" style=\"margin-top:0;margin-bottom:0;padding-top:var(--wp--preset--spacing--60);padding-right:var(--wp--preset--spacing--30);padding-bottom:var(--wp--preset--spacing--60);padding-left:var(--wp--preset--spacing--30)\">\n<div class=\"wp-block-columns alignwide are-vertically-aligned-center is-layout-flex wp-container-core-columns-is-layout-47c06fe3 wp-block-columns-is-layout-flex\">\n<div class=\"wp-block-column is-vertically-aligned-center is-layout-flow wp-block-column-is-layout-flow\" style=\"flex-basis:60%\">\n<h3 class=\"wp-block-heading has-text-align-left\">Tulemus<\/h3>\n\n\n\n<p><strong>Nanoneedling<\/strong> on t\u00f5hus viis parandada naha v\u00e4limust ja taastada selle nooruslikkus. See on populaarne valik neile, kes otsivad mitmek\u00fclgset ja t\u00f5husat nahahoolduslahendust.<\/p>\n\n\n\n<p>Tulemused v\u00f5ivad varieeruda s\u00f5ltuvalt individuaalsest nahat\u00fc\u00fcbist ja -seisundist ning protseduuri kasutamise sagedusest. Parimate tulemuste saavutamiseks on soovitatav konsulteerida professionaalse iluspetsialistiga, kes saab soovitada teile sobivat raviskeemi vastavalt teie individuaalsetele vajadustele.<\/p>\n<\/div>\n\n\n\n<div class=\"wp-block-column is-vertically-aligned-center is-layout-flow wp-container-core-column-is-layout-f5bb311e wp-block-column-is-layout-flow\" style=\"flex-basis:50%\">\n<figure class=\"wp-block-image\"><img loading=\"lazy\" decoding=\"async\" width=\"1280\" height=\"960\" src=\"https:\/\/iluhooldus.ee\/wp-content\/uploads\/2024\/05\/image.jpeg\" alt=\"\" class=\"wp-image-38\" srcset=\"https:\/\/iluhooldus.ee\/wp-content\/uploads\/2024\/05\/image.jpeg 1280w, https:\/\/iluhooldus.ee\/wp-content\/uploads\/2024\/05\/image-300x225.jpeg 300w, https:\/\/iluhooldus.ee\/wp-content\/uploads\/2024\/05\/image-1024x768.jpeg 1024w, https:\/\/iluhooldus.ee\/wp-content\/uploads\/2024\/05\/image-768x576.jpeg 768w\" sizes=\"auto, (max-width: 1280px) 100vw, 1280px\" \/><\/figure>\n<\/div>\n<\/div>\n<\/div>\n\n\n\n<div class=\"wp-block-group alignfull has-background-background-color has-background has-global-padding is-layout-constrained wp-container-core-group-is-layout-7276a2bb wp-block-group-is-layout-constrained\" style=\"margin-top:0;margin-bottom:0;padding-top:var(--wp--preset--spacing--60);padding-right:var(--wp--preset--spacing--30);padding-bottom:var(--wp--preset--spacing--60);padding-left:var(--wp--preset--spacing--30)\">\n<div class=\"wp-block-group alignwide has-global-padding is-content-justification-center is-layout-constrained wp-block-group-is-layout-constrained\">\n<h3 class=\"wp-block-heading has-text-align-center\">Pakume laia valikut professionaalseid teenuseid<\/h3>\n\n\n\n<p class=\"has-text-align-center\" style=\"margin-top:16px\">Mis aitavad saavutada parema tervise ja ilu. Meie kogenud spetsialistid on p\u00fchendunud teie heaolule ja pakuvad personaalset l\u00e4henemist igale kliendile. Tutvuge meie teenustega ja leidke endale sobivaim lahendus.<\/p>\n<\/div>\n\n\n\n<div class=\"wp-block-columns alignwide is-layout-flex wp-container-core-columns-is-layout-87beb0d0 wp-block-columns-is-layout-flex\">\n<div class=\"wp-block-column has-tertiary-background-color has-background is-layout-flow wp-block-column-is-layout-flow\">\n<div class=\"wp-block-group has-global-padding is-layout-constrained wp-container-core-group-is-layout-659b56d5 wp-block-group-is-layout-constrained\" style=\"padding-top:var(--wp--preset--spacing--30);padding-right:24px;padding-bottom:var(--wp--preset--spacing--30);padding-left:24px\">\n<h3 class=\"wp-block-heading has-text-align-center has-primary-color has-text-color has-x-large-font-size\">100+<\/h3>\n\n\n\n<h3 class=\"wp-block-heading has-text-align-center has-medium-font-size\" style=\"margin-top:16px\">Professionaalne N\u00e4ohooldus<\/h3>\n\n\n\n<p class=\"has-text-align-center has-small-font-size\" style=\"margin-top:8px\">Erinevate n\u00e4ohoolduste valik, mis aitavad parandada nahakvaliteeti ja noorendada v\u00e4limust.<\/p>\n<\/div>\n<\/div>\n\n\n\n<div class=\"wp-block-column has-tertiary-background-color has-background is-layout-flow wp-block-column-is-layout-flow\">\n<div class=\"wp-block-group has-global-padding is-layout-constrained wp-container-core-group-is-layout-659b56d5 wp-block-group-is-layout-constrained\" style=\"padding-top:var(--wp--preset--spacing--30);padding-right:24px;padding-bottom:var(--wp--preset--spacing--30);padding-left:24px\">\n<h3 class=\"wp-block-heading has-text-align-center has-primary-color has-text-color has-x-large-font-size\">5000+<\/h3>\n\n\n\n<h3 class=\"wp-block-heading has-text-align-center has-medium-font-size\" style=\"margin-top:16px\">Personaalsed N\u00f5ustamine<\/h3>\n\n\n\n<p class=\"has-text-align-center has-small-font-size\" style=\"margin-top:8px\">Meie kogenud ja s\u00f5bralik personal Tallinnas ja Tartus aitab teil saavutada tervise- ja ilueesm\u00e4rke professionaalse n\u00e4ohoolduse, massaa\u017ei ja personaalse n\u00f5ustamisega.<\/p>\n<\/div>\n<\/div>\n\n\n\n<div class=\"wp-block-column has-tertiary-background-color has-background is-layout-flow wp-block-column-is-layout-flow\">\n<div class=\"wp-block-group has-global-padding is-layout-constrained wp-container-core-group-is-layout-659b56d5 wp-block-group-is-layout-constrained\" style=\"padding-top:var(--wp--preset--spacing--30);padding-right:24px;padding-bottom:var(--wp--preset--spacing--30);padding-left:24px\">\n<h3 class=\"wp-block-heading has-text-align-center has-primary-color has-text-color has-x-large-font-size\">50+<\/h3>\n\n\n\n<h3 class=\"wp-block-heading has-text-align-center has-medium-font-size\" style=\"margin-top:16px\">Kogenud Spetsialistid<\/h3>\n\n\n\n<p class=\"has-text-align-center has-small-font-size\" style=\"margin-top:8px\">S\u00f5bralik ja kogenud spetsialistid, kes on p\u00fchendunud teie heaolule ja soovib aidata teil saavutada oma tervise- ja ilueesm\u00e4rke.<\/p>\n<\/div>\n<\/div>\n<\/div>\n<\/div>\n\n\n\n<h3 class=\"wp-block-heading has-text-align-center\" style=\"margin-top:12px\">K\u00fcsimused<\/h3>\n\n\n\n<div class=\"wp-block-group alignwide has-background-background-color has-background has-global-padding is-layout-constrained wp-container-core-group-is-layout-3107f1e8 wp-block-group-is-layout-constrained\" style=\"margin-top:0;margin-bottom:0;padding-top:var(--wp--preset--spacing--40);padding-right:var(--wp--preset--spacing--30);padding-bottom:var(--wp--preset--spacing--40);padding-left:var(--wp--preset--spacing--30)\">\n<div class=\"wp-block-group has-global-padding is-layout-constrained wp-block-group-is-layout-constrained\" style=\"border-bottom-color:var(--wp--preset--color--tertiary);border-bottom-width:1px;margin-top:0;padding-top:var(--wp--preset--spacing--30);padding-bottom:var(--wp--preset--spacing--30)\">\n<p><strong>Milliseid tulemusi v\u00f5ib oodata Nanoneedling protseduurist?<\/strong><\/p>\n\n\n\n<p><strong>Nooruslikum v\u00e4limus:<\/strong> Nanoneedlingu protseduuri k\u00e4igus kasutatavad nahka noorendavad toimeained, nagu h\u00fcaluroonhape ja kollageen, aitavad taastada naha elastsust, v\u00e4hendada vananemisilminguid ning tagavad nahale nooruslikuma ja s\u00e4ravama v\u00e4limuse.<\/p>\n\n\n\n<p><strong>Naha niisutatus ja toitumine:<\/strong> Protseduuri k\u00e4igus kasutatavad niisutavad ja toitvad koostisosad tungivad s\u00fcgavale nahka, taastades niiskustasakaalu ja varustades naharakke vajalike toitainetega. See annab nahale tervisliku ja niisutatud v\u00e4ljan\u00e4gemise.<\/p>\n\n\n\n<p><strong>Kortsude ja peenikeste joonte v\u00e4hendamine:<\/strong> Nanoneedling stimuleerib naharakkude uuenemist ja kollageeni tootmist, mis aitab siluda kortse ja peenikesi jooni ning parandada naha tekstuuri. Tulemuseks on siledam ja nooruslikum nahk.<\/p>\n\n\n\n<p><strong>Pigmendilaikude v\u00e4henemine:<\/strong> M\u00f5ned protseduuri kasutatavad toimeained v\u00f5ivad aidata v\u00e4hendada pigmentatsioonilaikude intensiivsust ja \u00fchtlustada naha tooni, muutes naha \u00fchtlasemaks ja selgemaks.<\/p>\n\n\n\n<p><strong>Naha jume parandamine:<\/strong> Nanoneedlingu regulaarne kasutamine v\u00f5ib aidata parandada naha \u00fcldist jumet, muutes selle s\u00e4ravamaks ja elavamaks.<\/p>\n<\/div>\n\n\n\n<div class=\"wp-block-group has-global-padding is-layout-constrained wp-block-group-is-layout-constrained\" style=\"border-bottom-color:var(--wp--preset--color--tertiary);border-bottom-width:1px;margin-top:0;padding-top:var(--wp--preset--spacing--30);padding-bottom:var(--wp--preset--spacing--30)\">\n<h4 class=\"wp-block-heading has-medium-font-size\">Kas ma pean eelnevalt aja broneerima?<\/h4>\n\n\n\n<p class=\"has-small-font-size\" style=\"margin-top:12px\">Jah, soovitame kindlasti aeg eelnevalt broneerida, et tagada teile parim teenindus. Palun t\u00e4itke allpool olev vorm v\u00f5i helistage meie ilukliinikusse ilu v\u00f5i sekretarile: +372 555 210 17<\/p>\n<\/div>\n\n\n\n<div class=\"wp-block-group has-global-padding is-layout-constrained wp-block-group-is-layout-constrained\" style=\"border-bottom-color:var(--wp--preset--color--tertiary);border-bottom-width:1px;margin-top:0;padding-top:var(--wp--preset--spacing--30);padding-bottom:var(--wp--preset--spacing--30)\">\n<h4 class=\"wp-block-heading has-medium-font-size\">Millised on vastun\u00e4idustused protseduurile?<\/h4>\n\n\n\n<ul class=\"wp-block-list\">\n<li><strong>Akne ja p\u00f5letikulised nahahaigused:<\/strong> Aktiivne akne, roosvistrik v\u00f5i muud p\u00f5letikulised seisundid v\u00f5ivad halveneda p\u00e4rast protseduuri.<\/li>\n\n\n\n<li><strong>Nahainfektsioonid:<\/strong> Bakteriaalsed, viiruslikud v\u00f5i seeninfektsioonid nahal v\u00f5ivad p\u00f5hjustada komplikatsioone.<\/li>\n\n\n\n<li><strong>Ekseem v\u00f5i psoriaas:<\/strong> Need nahahaigused v\u00f5ivad intensiivistuda p\u00e4rast protseduuri.<\/li>\n\n\n\n<li><strong>Hiljutised dermatoloogilised protseduurid:<\/strong> Kui olete hiljuti l\u00e4binud muid nahahooldusi, nagu keemilised koorimised, laserprotseduurid v\u00f5i mikrodermabrasioon, tuleks oodata enne nanoneedlingut.<\/li>\n\n\n\n<li><strong>Rasedus ja imetamine:<\/strong> Kuigi andmed on piiratud, on soovitatav v\u00e4ltida protseduuri raseduse ja imetamise ajal.<\/li>\n\n\n\n<li><strong>Vere h\u00fc\u00fcbimisprobleemid:<\/strong> Inimesed, kellel on vere h\u00fc\u00fcbimisprobleeme, peaksid v\u00e4ltima protseduuri.<\/li>\n\n\n\n<li><strong>Allergiad:<\/strong> Allergia koostisosadele, mida kasutatakse protseduuri k\u00e4igus, v\u00f5ib p\u00f5hjustada t\u00f5siseid reaktsioone.<\/li>\n\n\n\n<li><strong>Teatud ravimid:<\/strong> Antikoagulandid, immunosupressandid v\u00f5i retinoidid v\u00f5ivad suurendada k\u00f5rvaltoimete riski.<\/li>\n\n\n\n<li><strong>Eelmised kirurgilised sekkumised n\u00e4ol:<\/strong> Hiljutised operatsioonid v\u00f5ivad m\u00f5jutada naha taastumist.<\/li>\n\n\n\n<li><strong>\u00dcksikud nahale l\u00f6\u00f6bed v\u00f5i haavad:<\/strong> Avatud haavad v\u00f5i nahakahjustused ei tohi olla protseduuri ajal olemas.<br><br>*See pakkumine kehtib ainult siis, kui teie viimasest k\u00fclastusest on m\u00f6\u00f6dunud aasta.<\/li>\n<\/ul>\n<\/div>\n\n\n\n<div class=\"wp-block-group has-global-padding is-layout-constrained wp-block-group-is-layout-constrained\" style=\"border-bottom-color:var(--wp--preset--color--tertiary);border-bottom-width:1px;margin-top:0;padding-top:var(--wp--preset--spacing--30);padding-bottom:var(--wp--preset--spacing--30)\">\n<h4 class=\"wp-block-heading has-medium-font-size\">Kui kaua kestab protseduur?<\/h4>\n\n\n\n<p class=\"has-small-font-size\" style=\"margin-top:12px\">Kohtumine kestab \u00fcks tund ning see sisaldab peale protseduuri ka <strong>TASUTA <\/strong>konsultatsiooni individuaalsete vajaduste arutamiseks protseduuri ajal.<\/p>\n<\/div>\n\n\n\n<div class=\"wp-block-group has-global-padding is-layout-constrained wp-block-group-is-layout-constrained\" style=\"margin-top:0;padding-top:var(--wp--preset--spacing--30);padding-bottom:0\">\n<h4 class=\"wp-block-heading has-medium-font-size\">Millised on teie personaalse n\u00f5ustamise teenused?<\/h4>\n\n\n\n<p class=\"has-small-font-size\" style=\"margin-top:12px\">Royal Grace&#8217;il on p\u00fchendumus j\u00e4rjepidevusele, kvaliteetsele teenindusele ja teie individuaalsete vajaduste t\u00e4itmisele.<\/p>\n<\/div>\n\n\n\n<div class=\"wp-block-group alignwide has-tertiary-background-color has-background has-global-padding is-content-justification-center is-layout-constrained wp-container-core-group-is-layout-65ff1edc wp-block-group-is-layout-constrained\" style=\"margin-top:var(--wp--preset--spacing--60);margin-bottom:var(--wp--preset--spacing--60);padding-top:var(--wp--preset--spacing--40);padding-right:var(--wp--preset--spacing--30);padding-bottom:var(--wp--preset--spacing--40);padding-left:var(--wp--preset--spacing--30)\">\n<h3 class=\"wp-block-heading has-text-align-center\" style=\"margin-top:12px\">V\u00f5ta meiega \u00fchendust<\/h3>\n\n\n\n<p class=\"has-text-align-center\" style=\"margin-top:16px\">V\u00f5ta \u00fchendust meiega ja broneeri aeg professionaalseks n\u00e4ohoolduseks<\/p>\n\n\n\n<div class=\"wp-block-buttons is-content-justification-center is-layout-flex wp-container-core-buttons-is-layout-a89b3969 wp-block-buttons-is-layout-flex\">\n<div class=\"wp-block-button is-style-fill\"><a class=\"wp-block-button__link wp-element-button\" href=\"https:\/\/iluhooldus.ee\/kontakt\/\">Registreeri<\/a><\/div>\n<\/div>\n<\/div>\n<\/div>\n","protected":false},"excerpt":{"rendered":"<p>Nanoneedling N\u00e4ohooldus noorendava efekti saavutamiseks Nanoneedlingu protseduur kasutab spetsiaalset nanoneedling tehnoloogiat, milles ei kasutata n\u00f5elu. Erilise otsiku abil tungib seerum s\u00fcgavatesse nahakihtidesse. Protseduuri k\u00e4igus tungivad toimeained, sealhulgas kollageen ja h\u00fcaluroonhape, s\u00fcgavale nahka, toites ja taastades seda seestpoolt.Protseduur parandab naha v\u00e4ljan\u00e4gemist muutes naha siledamaks, pehmemaks ja elastsemaks. Miks see on eriline? Lisaks naha tekstuuri parandamisele aitab [&hellip;]<\/p>\n","protected":false},"author":1,"featured_media":0,"parent":0,"menu_order":0,"comment_status":"closed","ping_status":"closed","template":"","meta":{"footnotes":""},"class_list":["post-249","page","type-page","status-publish","hentry"],"jetpack_sharing_enabled":true,"_links":{"self":[{"href":"https:\/\/iluhooldus.ee\/ru\/wp-json\/wp\/v2\/pages\/249","targetHints":{"allow":["GET"]}}],"collection":[{"href":"https:\/\/iluhooldus.ee\/ru\/wp-json\/wp\/v2\/pages"}],"about":[{"href":"https:\/\/iluhooldus.ee\/ru\/wp-json\/wp\/v2\/types\/page"}],"author":[{"embeddable":true,"href":"https:\/\/iluhooldus.ee\/ru\/wp-json\/wp\/v2\/users\/1"}],"replies":[{"embeddable":true,"href":"https:\/\/iluhooldus.ee\/ru\/wp-json\/wp\/v2\/comments?post=249"}],"version-history":[{"count":11,"href":"https:\/\/iluhooldus.ee\/ru\/wp-json\/wp\/v2\/pages\/249\/revisions"}],"predecessor-version":[{"id":553,"href":"https:\/\/iluhooldus.ee\/ru\/wp-json\/wp\/v2\/pages\/249\/revisions\/553"}],"wp:attachment":[{"href":"https:\/\/iluhooldus.ee\/ru\/wp-json\/wp\/v2\/media?parent=249"}],"curies":[{"name":"wp","href":"https:\/\/api.w.org\/{rel}","templated":true}]}}