{"id":267,"date":"2024-09-25T17:12:53","date_gmt":"2024-09-25T14:12:53","guid":{"rendered":"https:\/\/iluhooldus.ee\/?page_id=267"},"modified":"2025-11-13T12:57:02","modified_gmt":"2025-11-13T09:57:02","slug":"aqualift","status":"publish","type":"page","link":"https:\/\/iluhooldus.ee\/ru\/aqualift\/","title":{"rendered":"Aqualift"},"content":{"rendered":"\n<div class=\"wp-block-group alignwide is-vertical is-layout-flex wp-container-core-group-is-layout-fe9cc265 wp-block-group-is-layout-flex\">\n<h3 class=\"wp-block-heading\">S\u00fcgavniisutav h\u00fcaluroon hooldus<\/h3>\n\n\n\n<p>Niisutav hooldus, mis keskendub naha heaolule ja hooldamisele, kasutades tipptasemel tehnoloogilisi lahendusi, tagab nahale s\u00fcgava ja mitmek\u00fclgse hoolduse, taastades selle nooruslikkuse ja s\u00e4ra ilma invasiivsete meetoditeta.<\/p>\n<\/div>\n\n\n\n<div class=\"wp-block-group alignwide is-layout-flow wp-block-group-is-layout-flow\">\n<div class=\"wp-block-columns alignwide are-vertically-aligned-top is-layout-flex wp-container-core-columns-is-layout-28f84493 wp-block-columns-is-layout-flex\">\n<div class=\"wp-block-column is-vertically-aligned-top is-layout-flow wp-block-column-is-layout-flow\"><style id=\"wpforms-css-vars-521-block-16b52d71-d2ad-4fcb-bae5-5adb8c595275\">\n\t\t\t\t#wpforms-521.wpforms-block-16b52d71-d2ad-4fcb-bae5-5adb8c595275 {\n\t\t\t\t--wpforms-field-size-input-height: 43px;\n--wpforms-field-size-input-spacing: 15px;\n--wpforms-field-size-font-size: 16px;\n--wpforms-field-size-line-height: 19px;\n--wpforms-field-size-padding-h: 14px;\n--wpforms-field-size-checkbox-size: 16px;\n--wpforms-field-size-sublabel-spacing: 5px;\n--wpforms-field-size-icon-size: 1;\n--wpforms-label-size-font-size: 16px;\n--wpforms-label-size-line-height: 19px;\n--wpforms-label-size-sublabel-font-size: 14px;\n--wpforms-label-size-sublabel-line-height: 17px;\n--wpforms-button-size-font-size: 17px;\n--wpforms-button-size-height: 41px;\n--wpforms-button-size-padding-h: 15px;\n--wpforms-button-size-margin-top: 10px;\n\t\t\t}\n\t\t\t<\/style><div class=\"wpforms-container wpforms-container-full wpforms-block wpforms-block-16b52d71-d2ad-4fcb-bae5-5adb8c595275 wpforms-render-modern\" id=\"wpforms-521\"><form id=\"wpforms-form-521\" class=\"wpforms-validate wpforms-form wpforms-ajax-form\" data-formid=\"521\" method=\"post\" enctype=\"multipart\/form-data\" action=\"\/ru\/wp-json\/wp\/v2\/pages\/267\" data-token=\"69d9a117679ec1c35838a94e2d794e25\" data-token-time=\"1777515055\"><noscript class=\"wpforms-error-noscript\">\u0414\u043b\u044f \u0437\u0430\u043f\u043e\u043b\u043d\u0435\u043d\u0438\u044f \u0434\u0430\u043d\u043d\u043e\u0439 \u0444\u043e\u0440\u043c\u044b \u0432\u043a\u043b\u044e\u0447\u0438\u0442\u0435 JavaScript \u0432 \u0431\u0440\u0430\u0443\u0437\u0435\u0440\u0435.<\/noscript><div id=\"wpforms-error-noscript\" style=\"display: none;\">\u0414\u043b\u044f \u0437\u0430\u043f\u043e\u043b\u043d\u0435\u043d\u0438\u044f \u0434\u0430\u043d\u043d\u043e\u0439 \u0444\u043e\u0440\u043c\u044b \u0432\u043a\u043b\u044e\u0447\u0438\u0442\u0435 JavaScript \u0432 \u0431\u0440\u0430\u0443\u0437\u0435\u0440\u0435.<\/div><div class=\"wpforms-field-container\"><div id=\"wpforms-521-field_7-container\" class=\"wpforms-field wpforms-field-text\" data-field-id=\"7\"><label class=\"wpforms-field-label\" for=\"wpforms-521-field_7\">Nimi <span class=\"wpforms-required-label\" aria-hidden=\"true\">*<\/span><\/label><input type=\"text\" id=\"wpforms-521-field_7\" class=\"wpforms-field-large wpforms-field-required\" name=\"wpforms[fields][7]\" aria-errormessage=\"wpforms-521-field_7-error\" required><\/div>\t\t<div id=\"wpforms-521-field_1-container\"\n\t\t\tclass=\"wpforms-field wpforms-field-text\"\n\t\t\tdata-field-type=\"text\"\n\t\t\tdata-field-id=\"1\"\n\t\t\t>\n\t\t\t<label class=\"wpforms-field-label\" for=\"wpforms-521-field_1\" >Telefoni E-mail number<\/label>\n\t\t\t<input type=\"text\" id=\"wpforms-521-field_1\" class=\"wpforms-field-medium\" name=\"wpforms[fields][1]\" >\n\t\t<\/div>\n\t\t<div id=\"wpforms-521-field_8-container\" class=\"wpforms-field wpforms-field-text\" data-field-id=\"8\"><label class=\"wpforms-field-label\" for=\"wpforms-521-field_8\">Telefoni number <span class=\"wpforms-required-label\" aria-hidden=\"true\">*<\/span><\/label><input type=\"text\" id=\"wpforms-521-field_8\" class=\"wpforms-field-large wpforms-field-required\" name=\"wpforms[fields][8]\" aria-errormessage=\"wpforms-521-field_8-error\" required><\/div><div id=\"wpforms-521-field_9-container\" class=\"wpforms-field wpforms-field-text\" data-field-id=\"9\"><label class=\"wpforms-field-label\" for=\"wpforms-521-field_9\">E-mail <span class=\"wpforms-required-label\" aria-hidden=\"true\">*<\/span><\/label><input type=\"text\" id=\"wpforms-521-field_9\" class=\"wpforms-field-large wpforms-field-required\" name=\"wpforms[fields][9]\" aria-errormessage=\"wpforms-521-field_9-error\" required><\/div><script>\n\t\t\t\t( function() {\n\t\t\t\t\tconst style = document.createElement( 'style' );\n\t\t\t\t\tstyle.appendChild( document.createTextNode( '#wpforms-521-field_1-container { position: absolute !important; overflow: hidden !important; display: inline !important; height: 1px !important; width: 1px !important; z-index: -1000 !important; padding: 0 !important; } #wpforms-521-field_1-container input { visibility: hidden; } #wpforms-conversational-form-page #wpforms-521-field_1-container label { counter-increment: none; }' ) );\n\t\t\t\t\tdocument.head.appendChild( style );\n\t\t\t\t\tdocument.currentScript?.remove();\n\t\t\t\t} )();\n\t\t\t<\/script><\/div><!-- .wpforms-field-container --><div class=\"wpforms-submit-container\" ><input type=\"hidden\" name=\"wpforms[id]\" value=\"521\"><input type=\"hidden\" name=\"page_title\" value=\"\"><input type=\"hidden\" name=\"page_url\" value=\"https:\/\/iluhooldus.ee\/ru\/wp-json\/wp\/v2\/pages\/267\"><input type=\"hidden\" name=\"url_referer\" value=\"\"><button type=\"submit\" name=\"wpforms[submit]\" id=\"wpforms-submit-521\" class=\"wpforms-submit\" aria-live=\"assertive\" value=\"wpforms-submit\">Broneeri<\/button><img loading=\"lazy\" decoding=\"async\" src=\"https:\/\/iluhooldus.ee\/wp-content\/plugins\/wpforms-lite\/assets\/images\/submit-spin.svg\" class=\"wpforms-submit-spinner\" style=\"display: none;\" width=\"26\" height=\"26\" alt=\"\u0417\u0430\u0433\u0440\u0443\u0437\u043a\u0430\"><\/div><\/form><\/div>  <!-- .wpforms-container --><\/div>\n\n\n\n<div class=\"wp-block-column is-vertically-aligned-top is-layout-flow wp-block-column-is-layout-flow\">\n<figure class=\"wp-block-image alignright size-large is-resized\"><img loading=\"lazy\" decoding=\"async\" width=\"1024\" height=\"1024\" src=\"https:\/\/iluhooldus.ee\/wp-content\/uploads\/2025\/01\/Aqualift-EST-1-1024x1024.jpg\" alt=\"\" class=\"wp-image-409\" style=\"width:418px;height:auto\" srcset=\"https:\/\/iluhooldus.ee\/wp-content\/uploads\/2025\/01\/Aqualift-EST-1-1024x1024.jpg 1024w, https:\/\/iluhooldus.ee\/wp-content\/uploads\/2025\/01\/Aqualift-EST-1-300x300.jpg 300w, https:\/\/iluhooldus.ee\/wp-content\/uploads\/2025\/01\/Aqualift-EST-1-150x150.jpg 150w, https:\/\/iluhooldus.ee\/wp-content\/uploads\/2025\/01\/Aqualift-EST-1-768x768.jpg 768w, https:\/\/iluhooldus.ee\/wp-content\/uploads\/2025\/01\/Aqualift-EST-1-1536x1536.jpg 1536w, https:\/\/iluhooldus.ee\/wp-content\/uploads\/2025\/01\/Aqualift-EST-1-12x12.jpg 12w, https:\/\/iluhooldus.ee\/wp-content\/uploads\/2025\/01\/Aqualift-EST-1.jpg 1800w\" sizes=\"auto, (max-width: 1024px) 100vw, 1024px\" \/><\/figure>\n<\/div>\n<\/div>\n<\/div>\n\n\n\n<div class=\"wp-block-group alignfull has-background-background-color has-background is-vertical is-content-justification-center is-layout-flex wp-container-core-group-is-layout-0844087c wp-block-group-is-layout-flex\" style=\"margin-top:0;margin-bottom:0;padding-top:var(--wp--preset--spacing--60);padding-right:var(--wp--preset--spacing--30);padding-bottom:var(--wp--preset--spacing--60);padding-left:var(--wp--preset--spacing--30)\">\n<p class=\"has-text-align-center\" style=\"margin-top:0px\"><strong>Aqualift<\/strong> protseduur kasutab spetsiaalseid hapnikurikkaid koostisosi, mis tungivad s\u00fcgavale nahka, toites ja taastades seda seestpoolt. Protseduur h\u00f5lmab ka kosmeetikat, mis sisaldab h\u00fcaluroonhapet, mis aitab niisutada nahka ja s\u00e4ilitada selle elastsust ning niiskustasakaalu.<\/p>\n\n\n\n<p>Aqualift protseduur on ideaalne k\u00f5ikidele nahat\u00fc\u00fcpidele ja tagab kohese elavdamise ning naha tervisliku v\u00e4limuse taastamise. Tulemuseks on s\u00e4rav, nooruslik ja t\u00e4ielikult niisutatud nahk.<\/p>\n\n\n\n<p class=\"has-text-align-center\" style=\"margin-top:0px\">Protseduuril kasutatakse madala ja k\u00f5rge molekulmassiga h\u00fcaluroonhapet, mis tungib s\u00fcgavamale nahka ja niisutab efektiivselt ka s\u00fcgavamaid nahakihte. See aitab nahal muutuda siledamaks, pehmemaks ja elastsemaks, oluliselt parandades naha v\u00e4limust.<\/p>\n<\/div>\n\n\n\n<div class=\"wp-block-group alignfull has-background-background-color has-background has-global-padding is-layout-constrained wp-container-core-group-is-layout-33e8f939 wp-block-group-is-layout-constrained\" style=\"margin-top:0;margin-bottom:0;padding-top:0;padding-right:var(--wp--preset--spacing--30);padding-bottom:0;padding-left:var(--wp--preset--spacing--30)\">\n<div class=\"wp-block-columns alignwide is-layout-flex wp-container-core-columns-is-layout-47c06fe3 wp-block-columns-is-layout-flex\">\n<div class=\"wp-block-column is-vertically-aligned-top is-layout-flow wp-block-column-is-layout-flow\" style=\"flex-basis:50%\">\n<h3 class=\"wp-block-heading has-text-align-left\" style=\"margin-top:12px\">Miks see on eriline?<\/h3>\n\n\n\n<figure class=\"wp-block-image size-full is-resized\"><img loading=\"lazy\" decoding=\"async\" width=\"996\" height=\"797\" src=\"https:\/\/iluhooldus.ee\/wp-content\/uploads\/2024\/09\/young-beautiful-woman-getting-face-skin-treatment-spa_23-21488253791.jpg\" alt=\"\" class=\"wp-image-258\" style=\"width:499px;height:auto\" srcset=\"https:\/\/iluhooldus.ee\/wp-content\/uploads\/2024\/09\/young-beautiful-woman-getting-face-skin-treatment-spa_23-21488253791.jpg 996w, https:\/\/iluhooldus.ee\/wp-content\/uploads\/2024\/09\/young-beautiful-woman-getting-face-skin-treatment-spa_23-21488253791-300x240.jpg 300w, https:\/\/iluhooldus.ee\/wp-content\/uploads\/2024\/09\/young-beautiful-woman-getting-face-skin-treatment-spa_23-21488253791-768x615.jpg 768w, https:\/\/iluhooldus.ee\/wp-content\/uploads\/2024\/09\/young-beautiful-woman-getting-face-skin-treatment-spa_23-21488253791-15x12.jpg 15w\" sizes=\"auto, (max-width: 996px) 100vw, 996px\" \/><\/figure>\n<\/div>\n\n\n\n<div class=\"wp-block-column is-layout-flow wp-container-core-column-is-layout-f5bb311e wp-block-column-is-layout-flow\" style=\"flex-basis:50%\">\n<p><\/p>\n\n\n\n<p>Aqualift protseduur on t\u00f5eliselt eriline, kuna see mitte ainult ei paranda naha tekstuuri, vaid aitab ka v\u00e4hendada kortse ja peeneid jooni. Protseduuri k\u00e4igus kasutatavad unikaalsed koostisosad stimuleerivad kollageeni tootmist nahas, muutes selle pringimaks ja pinguldatumaks.<\/p>\n\n\n\n<p>Regulaarsete Aqualift protseduuride korral on v\u00f5imalik m\u00e4rgata m\u00e4rkimisv\u00e4\u00e4rset noorendavat efekti: kortsud muutuvad v\u00e4hem n\u00e4htavaks ja nahk n\u00e4eb v\u00e4lja siledam ja nooruslikum.<\/p>\n\n\n\n<p>Lisaks on Aqualift protseduur ohutu ja mitteinvasiivne, mist\u00f5ttu sobib see peaaegu k\u00f5igile nahat\u00fc\u00fcpidele. Soovitatav on siiski konsulteerida spetsialistiga, et tagada protseduuri sobivus ja saavutada parimad tulemused.<\/p>\n<\/div>\n<\/div>\n<\/div>\n\n\n\n<div class=\"wp-block-group alignfull has-background-background-color has-background has-global-padding is-layout-constrained wp-container-core-group-is-layout-7276a2bb wp-block-group-is-layout-constrained\" style=\"margin-top:0;margin-bottom:0;padding-top:var(--wp--preset--spacing--60);padding-right:var(--wp--preset--spacing--30);padding-bottom:var(--wp--preset--spacing--60);padding-left:var(--wp--preset--spacing--30)\">\n<div class=\"wp-block-columns alignwide are-vertically-aligned-center is-layout-flex wp-container-core-columns-is-layout-47c06fe3 wp-block-columns-is-layout-flex\">\n<div class=\"wp-block-column is-vertically-aligned-center is-layout-flow wp-block-column-is-layout-flow\" style=\"flex-basis:60%\">\n<h3 class=\"wp-block-heading has-text-align-left\">Tulemus<\/h3>\n\n\n\n<p>Aqualift protseduur on t\u00f5hus meetod naha v\u00e4limuse parandamiseks ja nooruslikkuse taastamiseks. See on populaarne valik neile, kes otsivad mitmekesist ja t\u00f5husat nahahoolduslahendust.<\/p>\n\n\n\n<p>Protseduuri k\u00e4igus kasutatakse spetsiaalseid koostisosade segusid, sealhulgas h\u00fcaluroonhapet, mis aitab nahal s\u00e4ilitada elastsust ja niiskustasakaalu. Tulemused v\u00f5ivad varieeruda s\u00f5ltuvalt individuaalsest nahat\u00fc\u00fcbist ja -seisundist, samuti protseduuri kasutamise sagedusest.<\/p>\n\n\n\n<p>Parimate tulemuste saavutamiseks on soovitatav konsulteerida professionaalse iluspetsialistiga, kes suudab soovitada sobivat raviskeemi vastavalt teie individuaalsetele vajadustele.<\/p>\n<\/div>\n\n\n\n<div class=\"wp-block-column is-vertically-aligned-center is-layout-flow wp-container-core-column-is-layout-f5bb311e wp-block-column-is-layout-flow\" style=\"flex-basis:50%\">\n<figure class=\"wp-block-image\"><img loading=\"lazy\" decoding=\"async\" width=\"1280\" height=\"960\" src=\"https:\/\/iluhooldus.ee\/wp-content\/uploads\/2024\/05\/image.jpeg\" alt=\"\" class=\"wp-image-38\" srcset=\"https:\/\/iluhooldus.ee\/wp-content\/uploads\/2024\/05\/image.jpeg 1280w, https:\/\/iluhooldus.ee\/wp-content\/uploads\/2024\/05\/image-300x225.jpeg 300w, https:\/\/iluhooldus.ee\/wp-content\/uploads\/2024\/05\/image-1024x768.jpeg 1024w, https:\/\/iluhooldus.ee\/wp-content\/uploads\/2024\/05\/image-768x576.jpeg 768w\" sizes=\"auto, (max-width: 1280px) 100vw, 1280px\" \/><\/figure>\n<\/div>\n<\/div>\n<\/div>\n\n\n\n<div class=\"wp-block-group alignfull has-background-background-color has-background has-global-padding is-layout-constrained wp-container-core-group-is-layout-7276a2bb wp-block-group-is-layout-constrained\" style=\"margin-top:0;margin-bottom:0;padding-top:var(--wp--preset--spacing--60);padding-right:var(--wp--preset--spacing--30);padding-bottom:var(--wp--preset--spacing--60);padding-left:var(--wp--preset--spacing--30)\">\n<div class=\"wp-block-group alignwide has-global-padding is-content-justification-center is-layout-constrained wp-block-group-is-layout-constrained\">\n<h3 class=\"wp-block-heading has-text-align-center\">Pakume laia valikut professionaalseid teenuseid<\/h3>\n\n\n\n<p class=\"has-text-align-center\" style=\"margin-top:16px\">Mis aitavad saavutada parema tervise ja ilu. Meie kogenud spetsialistid on p\u00fchendunud teie heaolule ja pakuvad personaalset l\u00e4henemist igale kliendile. Tutvuge meie teenustega ja leidke endale sobivaim lahendus.<\/p>\n<\/div>\n\n\n\n<div class=\"wp-block-columns alignwide is-layout-flex wp-container-core-columns-is-layout-87beb0d0 wp-block-columns-is-layout-flex\">\n<div class=\"wp-block-column has-tertiary-background-color has-background is-layout-flow wp-block-column-is-layout-flow\">\n<div class=\"wp-block-group has-global-padding is-layout-constrained wp-container-core-group-is-layout-659b56d5 wp-block-group-is-layout-constrained\" style=\"padding-top:var(--wp--preset--spacing--30);padding-right:24px;padding-bottom:var(--wp--preset--spacing--30);padding-left:24px\">\n<h3 class=\"wp-block-heading has-text-align-center has-primary-color has-text-color has-x-large-font-size\">100+<\/h3>\n\n\n\n<h3 class=\"wp-block-heading has-text-align-center has-medium-font-size\" style=\"margin-top:16px\">Professionaalne N\u00e4ohooldus<\/h3>\n\n\n\n<p class=\"has-text-align-center has-small-font-size\" style=\"margin-top:8px\">Erinevate n\u00e4ohoolduste valik, mis aitavad parandada nahakvaliteeti ja noorendada v\u00e4limust.<\/p>\n<\/div>\n<\/div>\n\n\n\n<div class=\"wp-block-column has-tertiary-background-color has-background is-layout-flow wp-block-column-is-layout-flow\">\n<div class=\"wp-block-group has-global-padding is-layout-constrained wp-container-core-group-is-layout-659b56d5 wp-block-group-is-layout-constrained\" style=\"padding-top:var(--wp--preset--spacing--30);padding-right:24px;padding-bottom:var(--wp--preset--spacing--30);padding-left:24px\">\n<h3 class=\"wp-block-heading has-text-align-center has-primary-color has-text-color has-x-large-font-size\">5000+<\/h3>\n\n\n\n<h3 class=\"wp-block-heading has-text-align-center has-medium-font-size\" style=\"margin-top:16px\">Personaalsed N\u00f5ustamine<\/h3>\n\n\n\n<p class=\"has-text-align-center has-small-font-size\" style=\"margin-top:8px\">Meie kogenud ja s\u00f5bralik personal Tallinnas ja Tartus aitab teil saavutada tervise- ja ilueesm\u00e4rke professionaalse n\u00e4ohoolduse, massaa\u017ei ja personaalse n\u00f5ustamisega.<\/p>\n<\/div>\n<\/div>\n\n\n\n<div class=\"wp-block-column has-tertiary-background-color has-background is-layout-flow wp-block-column-is-layout-flow\">\n<div class=\"wp-block-group has-global-padding is-layout-constrained wp-container-core-group-is-layout-659b56d5 wp-block-group-is-layout-constrained\" style=\"padding-top:var(--wp--preset--spacing--30);padding-right:24px;padding-bottom:var(--wp--preset--spacing--30);padding-left:24px\">\n<h3 class=\"wp-block-heading has-text-align-center has-primary-color has-text-color has-x-large-font-size\">50+<\/h3>\n\n\n\n<h3 class=\"wp-block-heading has-text-align-center has-medium-font-size\" style=\"margin-top:16px\">Kogenud Spetsialistid<\/h3>\n\n\n\n<p class=\"has-text-align-center has-small-font-size\" style=\"margin-top:8px\">S\u00f5bralik ja kogenud spetsialistid, kes on p\u00fchendunud teie heaolule ja soovib aidata teil saavutada oma tervise- ja ilueesm\u00e4rke.<\/p>\n<\/div>\n<\/div>\n<\/div>\n<\/div>\n\n\n\n<h2 class=\"wp-block-heading has-text-align-center\">K\u00fcsimused<\/h2>\n\n\n\n<div class=\"wp-block-group alignwide has-background-background-color has-background has-global-padding is-layout-constrained wp-container-core-group-is-layout-3107f1e8 wp-block-group-is-layout-constrained\" style=\"margin-top:0;margin-bottom:0;padding-top:var(--wp--preset--spacing--40);padding-right:var(--wp--preset--spacing--30);padding-bottom:var(--wp--preset--spacing--40);padding-left:var(--wp--preset--spacing--30)\">\n<div class=\"wp-block-group has-global-padding is-layout-constrained wp-block-group-is-layout-constrained\" style=\"border-bottom-color:var(--wp--preset--color--tertiary);border-bottom-width:1px;margin-top:0;padding-top:var(--wp--preset--spacing--30);padding-bottom:var(--wp--preset--spacing--30)\">\n<p><strong>Milliseid tulemusi v\u00f5ib oodata Aqualift protseduurist?<\/strong><\/p>\n\n\n\n<p><strong>Nooruslikum v\u00e4limus:<\/strong> Aqualift protseduuri k\u00e4igus kasutatavad nahka noorendavad toimeained, sealhulgas h\u00fcaluroonhape ja vitamiinirikkad preparaadid, aitavad taastada naha elastsust, v\u00e4hendada vananemisilminguid ning tagavad nahale nooruslikuma ja s\u00e4ravama v\u00e4limuse.<\/p>\n\n\n\n<p><strong>Naha niisutatus ja toitumine:<\/strong> Protseduuri k\u00e4igus kasutatavad niisutavad ja toitvad koostisosad tungivad s\u00fcgavale nahka, taastades niiskustasakaalu ja varustades naharakke vajalike toitainetega. See annab nahale tervisliku ja niisutatud v\u00e4ljan\u00e4gemise.<\/p>\n\n\n\n<p><strong>Kortsude ja peenikeste joonte v\u00e4hendamine:<\/strong> Aqualift stimuleerib naharakkude uuenemist ja kollageeni tootmist, aidates siluda kortse ja peenikesi jooni ning parandada naha tekstuuri. Tulemuseks on siledam ja nooruslikum nahk.<\/p>\n\n\n\n<p><strong>Pigmendilaikude v\u00e4henemine:<\/strong> M\u00f5ned protseduuri k\u00e4igus kasutatavad toimeained v\u00f5ivad aidata v\u00e4hendada pigmentatsioonilaikude intensiivsust ja \u00fchtlustada naha tooni, muutes naha \u00fchtlasemaks ja selgemaks.<\/p>\n\n\n\n<p><strong>Naha jume parandamine:<\/strong> Aqualift regulaarne kasutamine v\u00f5ib aidata parandada naha \u00fcldist jumet, muutes selle s\u00e4ravamaks ja elavamaks.<\/p>\n<\/div>\n\n\n\n<div class=\"wp-block-group has-global-padding is-layout-constrained wp-block-group-is-layout-constrained\" style=\"border-bottom-color:var(--wp--preset--color--tertiary);border-bottom-width:1px;margin-top:0;padding-top:var(--wp--preset--spacing--30);padding-bottom:var(--wp--preset--spacing--30)\">\n<h4 class=\"wp-block-heading has-medium-font-size\">Kas ma pean eelnevalt aja broneerima?<\/h4>\n\n\n\n<p class=\"has-small-font-size\" style=\"margin-top:12px\">Jah, soovitame kindlasti aeg eelnevalt broneerida, et tagada teile parim teenindus. Palun t\u00e4itke allpool olev vorm v\u00f5i helistage meie ilukliinikusse ilu v\u00f5i sekretarile: +372 555 210 17<\/p>\n<\/div>\n\n\n\n<div class=\"wp-block-group has-global-padding is-layout-constrained wp-block-group-is-layout-constrained\" style=\"border-bottom-color:var(--wp--preset--color--tertiary);border-bottom-width:1px;margin-top:0;padding-top:var(--wp--preset--spacing--30);padding-bottom:var(--wp--preset--spacing--30)\">\n<h4 class=\"wp-block-heading has-medium-font-size\">Millised on vastun\u00e4idustused protseduurile?<\/h4>\n\n\n\n<ul class=\"wp-block-list\">\n<li><strong>Raske nahahaigus:<\/strong> Aktiivsed p\u00f5letikulised nahahaigused (nt ekseem, psoriaas) v\u00f5ivad olla vastun\u00e4idustuseks.<\/li>\n\n\n\n<li><strong>K\u00fcpsed v\u00f5i hiljuti l\u00e4bitud kosmeetilised protseduurid:<\/strong> Kui on tehtud muud kosmeetilised protseduurid (nt keemiline koorimine, laserprotseduurid), tuleks oodata, kuni nahk t\u00e4ielikult taastub.<\/li>\n\n\n\n<li><strong>Ravimid, mis m\u00f5jutavad naha tundlikkust:<\/strong> M\u00f5ned ravimid v\u00f5ivad suurendada naha tundlikkust, mist\u00f5ttu on oluline konsulteerida spetsialistiga.<\/li>\n\n\n\n<li><strong>Rasedus ja imetamine:<\/strong> Raseduse ja imetamise ajal on soovitatav v\u00e4ltida mitmeid kosmeetilisi protseduure.<\/li>\n\n\n\n<li><strong>Allergiad:<\/strong> Individuaalsed allergilised reaktsioonid protseduuri k\u00e4igus kasutatavatele koostisosadele.<\/li>\n\n\n\n<li><strong>Immuuns\u00fcsteemi h\u00e4ired:<\/strong> Immuuns\u00fcsteemi h\u00e4ired v\u00f5i ravimid, mis n\u00f5rgendavad immuuns\u00fcsteemi, v\u00f5ivad olla vastun\u00e4idustuseks.<\/li>\n\n\n\n<li><strong>Vereringe probleemid:<\/strong> Vereringe probleemid v\u00f5ivad m\u00f5jutada naha taastumisprotsessi.<\/li>\n\n\n\n<li><strong>Avatud haavad v\u00f5i kahjustatud nahk:<\/strong> Avatud haavad v\u00f5i nahakahjustused ei tohiks olla protseduuri tegemise p\u00f5hjus.<br><br>*See pakkumine kehtib ainult siis, kui teie viimasest k\u00fclastusest on m\u00f6\u00f6dunud aasta.<\/li>\n<\/ul>\n<\/div>\n\n\n\n<div class=\"wp-block-group has-global-padding is-layout-constrained wp-block-group-is-layout-constrained\" style=\"border-bottom-color:var(--wp--preset--color--tertiary);border-bottom-width:1px;margin-top:0;padding-top:var(--wp--preset--spacing--30);padding-bottom:var(--wp--preset--spacing--30)\">\n<h4 class=\"wp-block-heading has-medium-font-size\">Kui kaua kestab protseduur?<\/h4>\n\n\n\n<p class=\"has-small-font-size\" style=\"margin-top:12px\">Kohtumine kestab \u00fcks tund ning see sisaldab peale protseduuri ka <strong>TASUTA <\/strong>konsultatsiooni individuaalsete vajaduste arutamiseks protseduuri ajal.<\/p>\n<\/div>\n\n\n\n<div class=\"wp-block-group has-global-padding is-layout-constrained wp-block-group-is-layout-constrained\" style=\"margin-top:0;padding-top:var(--wp--preset--spacing--30);padding-bottom:0\">\n<h4 class=\"wp-block-heading has-medium-font-size\">Millised on teie personaalse n\u00f5ustamise teenused?<\/h4>\n\n\n\n<p class=\"has-small-font-size\" style=\"margin-top:12px\">Royal Grace&#8217;il on p\u00fchendumus j\u00e4rjepidevusele, kvaliteetsele teenindusele ja teie individuaalsete vajaduste t\u00e4itmisele.<\/p>\n<\/div>\n\n\n\n<div class=\"wp-block-group alignwide has-tertiary-background-color has-background has-global-padding is-content-justification-center is-layout-constrained wp-container-core-group-is-layout-65ff1edc wp-block-group-is-layout-constrained\" style=\"margin-top:var(--wp--preset--spacing--60);margin-bottom:var(--wp--preset--spacing--60);padding-top:var(--wp--preset--spacing--40);padding-right:var(--wp--preset--spacing--30);padding-bottom:var(--wp--preset--spacing--40);padding-left:var(--wp--preset--spacing--30)\">\n<h3 class=\"wp-block-heading has-text-align-center\" style=\"margin-top:12px\">V\u00f5ta meiega \u00fchendust<\/h3>\n\n\n\n<p class=\"has-text-align-center\" style=\"margin-top:16px\">V\u00f5ta \u00fchendust meiega ja broneeri aeg professionaalseks n\u00e4ohoolduseks<\/p>\n\n\n\n<div class=\"wp-block-buttons is-content-justification-center is-layout-flex wp-container-core-buttons-is-layout-a89b3969 wp-block-buttons-is-layout-flex\">\n<div class=\"wp-block-button is-style-fill\"><a class=\"wp-block-button__link wp-element-button\" href=\"https:\/\/iluhooldus.ee\/kontakt\/\">Registreeri<\/a><\/div>\n<\/div>\n<\/div>\n<\/div>\n\n\n\n<p class=\"has-text-align-center\"><\/p>\n","protected":false},"excerpt":{"rendered":"<p>S\u00fcgavniisutav h\u00fcaluroon hooldus Niisutav hooldus, mis keskendub naha heaolule ja hooldamisele, kasutades tipptasemel tehnoloogilisi lahendusi, tagab nahale s\u00fcgava ja mitmek\u00fclgse hoolduse, taastades selle nooruslikkuse ja s\u00e4ra ilma invasiivsete meetoditeta. Aqualift protseduur kasutab spetsiaalseid hapnikurikkaid koostisosi, mis tungivad s\u00fcgavale nahka, toites ja taastades seda seestpoolt. Protseduur h\u00f5lmab ka kosmeetikat, mis sisaldab h\u00fcaluroonhapet, mis aitab niisutada nahka [&hellip;]<\/p>\n","protected":false},"author":1,"featured_media":0,"parent":0,"menu_order":0,"comment_status":"closed","ping_status":"closed","template":"","meta":{"footnotes":""},"class_list":["post-267","page","type-page","status-publish","hentry"],"jetpack_sharing_enabled":true,"_links":{"self":[{"href":"https:\/\/iluhooldus.ee\/ru\/wp-json\/wp\/v2\/pages\/267","targetHints":{"allow":["GET"]}}],"collection":[{"href":"https:\/\/iluhooldus.ee\/ru\/wp-json\/wp\/v2\/pages"}],"about":[{"href":"https:\/\/iluhooldus.ee\/ru\/wp-json\/wp\/v2\/types\/page"}],"author":[{"embeddable":true,"href":"https:\/\/iluhooldus.ee\/ru\/wp-json\/wp\/v2\/users\/1"}],"replies":[{"embeddable":true,"href":"https:\/\/iluhooldus.ee\/ru\/wp-json\/wp\/v2\/comments?post=267"}],"version-history":[{"count":6,"href":"https:\/\/iluhooldus.ee\/ru\/wp-json\/wp\/v2\/pages\/267\/revisions"}],"predecessor-version":[{"id":539,"href":"https:\/\/iluhooldus.ee\/ru\/wp-json\/wp\/v2\/pages\/267\/revisions\/539"}],"wp:attachment":[{"href":"https:\/\/iluhooldus.ee\/ru\/wp-json\/wp\/v2\/media?parent=267"}],"curies":[{"name":"wp","href":"https:\/\/api.w.org\/{rel}","templated":true}]}}