{"id":298,"date":"2024-10-24T15:47:03","date_gmt":"2024-10-24T12:47:03","guid":{"rendered":"https:\/\/iluhooldus.ee\/?page_id=298"},"modified":"2024-12-06T10:27:37","modified_gmt":"2024-12-06T07:27:37","slug":"broneeri","status":"publish","type":"page","link":"https:\/\/iluhooldus.ee\/ru\/broneeri\/","title":{"rendered":"\u0417\u0430\u0431\u0440\u043e\u043d\u0438\u0440\u043e\u0432\u0430\u0442\u044c"},"content":{"rendered":"<div class=\"wp-block-group alignfull has-background-background-color has-background has-global-padding is-layout-constrained wp-container-core-group-is-layout-e677c032 wp-block-group-is-layout-constrained\" style=\"margin-top:0;margin-bottom:0;padding-top:0px;padding-right:0px;padding-bottom:var(--wp--preset--spacing--60);padding-left:0px\">\n<div class=\"wp-block-cover alignfull\" style=\"min-height:35vh;aspect-ratio:unset;\"><span aria-hidden=\"true\" class=\"wp-block-cover__background has-background-dim-0 has-background-dim\"><\/span><img loading=\"lazy\" decoding=\"async\" width=\"1280\" height=\"1765\" class=\"wp-block-cover__image-background wp-image-302\" alt=\"\" src=\"https:\/\/iluhooldus.ee\/wp-content\/uploads\/2024\/10\/b7a51d89511195c0d4f43f92c0675ee90491c061.jpg\" data-object-fit=\"cover\" srcset=\"https:\/\/iluhooldus.ee\/wp-content\/uploads\/2024\/10\/b7a51d89511195c0d4f43f92c0675ee90491c061.jpg 1280w, https:\/\/iluhooldus.ee\/wp-content\/uploads\/2024\/10\/b7a51d89511195c0d4f43f92c0675ee90491c061-218x300.jpg 218w, https:\/\/iluhooldus.ee\/wp-content\/uploads\/2024\/10\/b7a51d89511195c0d4f43f92c0675ee90491c061-743x1024.jpg 743w, https:\/\/iluhooldus.ee\/wp-content\/uploads\/2024\/10\/b7a51d89511195c0d4f43f92c0675ee90491c061-768x1059.jpg 768w, https:\/\/iluhooldus.ee\/wp-content\/uploads\/2024\/10\/b7a51d89511195c0d4f43f92c0675ee90491c061-1114x1536.jpg 1114w, https:\/\/iluhooldus.ee\/wp-content\/uploads\/2024\/10\/b7a51d89511195c0d4f43f92c0675ee90491c061-9x12.jpg 9w\" sizes=\"auto, (max-width: 1280px) 100vw, 1280px\" \/><div class=\"wp-block-cover__inner-container is-layout-flow wp-block-cover-is-layout-flow\">\n<div style=\"height:280px\" aria-hidden=\"true\" class=\"wp-block-spacer\"><\/div>\n<\/div><\/div>\n\n\n\n<div class=\"wp-block-group alignfull has-global-padding is-content-justification-center is-layout-constrained wp-container-core-group-is-layout-88249be7 wp-block-group-is-layout-constrained\" style=\"padding-right:var(--wp--preset--spacing--30);padding-left:var(--wp--preset--spacing--30)\">\n<h1 class=\"wp-block-heading has-text-align-center has-x-large-font-size\">\u041e\u0442\u043a\u0440\u043e\u0439\u0442\u0435 \u0441\u0432\u043e\u044e \u0432\u043d\u0443\u0442\u0440\u0435\u043d\u043d\u044e\u044e \u043a\u0440\u0430\u0441\u043e\u0442\u0443 \u0438 \u043d\u0430\u0441\u043b\u0430\u0436\u0434\u0430\u0439\u0442\u0435\u0441\u044c \u043f\u043e\u043b\u043d\u044b\u043c \u0431\u043b\u0430\u0433\u043e\u043f\u043e\u043b\u0443\u0447\u0438\u0435\u043c \u0441 \u043f\u043e\u043c\u043e\u0449\u044c\u044e \u043d\u0430\u0448\u0438\u0445 \u043f\u0440\u043e\u0444\u0435\u0441\u0441\u0438\u043e\u043d\u0430\u043b\u044c\u043d\u044b\u0445 \u0443\u0441\u043b\u0443\u0433.<\/h1>\n\n\n\n<p class=\"has-text-align-center\" style=\"margin-top:16px\">\u041e\u0430\u0437\u0438\u0441 \u0417\u0434\u043e\u0440\u043e\u0432\u044c\u044f \u0438 \u041a\u0440\u0430\u0441\u043e\u0442\u044b \u0432 \u0422\u0430\u0440\u0442\u0443 \u043f\u0440\u0435\u0434\u043b\u0430\u0433\u0430\u0435\u0442 \u043f\u0440\u043e\u0444\u0435\u0441\u0441\u0438\u043e\u043d\u0430\u043b\u044c\u043d\u044b\u0435 \u0443\u0441\u043b\u0443\u0433\u0438 \u043f\u043e \u0443\u0445\u043e\u0434\u0443 \u0437\u0430 \u043b\u0438\u0446\u043e\u043c, \u043c\u0430\u0441\u0441\u0430\u0436 \u0438 \u043f\u0435\u0440\u0441\u043e\u043d\u0430\u043b\u044c\u043d\u044b\u0435 \u043a\u043e\u043d\u0441\u0443\u043b\u044c\u0442\u0430\u0446\u0438\u0438. \u041d\u0430\u0448 \u0434\u0440\u0443\u0436\u0435\u043b\u044e\u0431\u043d\u044b\u0439 \u043f\u0435\u0440\u0441\u043e\u043d\u0430\u043b \u043f\u043e\u043c\u043e\u0436\u0435\u0442 \u0432\u0430\u043c \u0434\u043e\u0441\u0442\u0438\u0447\u044c \u0432\u0430\u0448\u0438\u0445 \u0446\u0435\u043b\u0435\u0439 \u0432 \u043e\u0431\u043b\u0430\u0441\u0442\u0438 \u0437\u0434\u043e\u0440\u043e\u0432\u044c\u044f \u0438 \u043a\u0440\u0430\u0441\u043e\u0442\u044b.<\/p>\n\n\n<iframe src=\"https:\/\/iluhooldus.ee\/ru\/wp-json\/ssa\/v1\/embed-inner?integration&type&label&types&edit&view&payment_provider&ssa_locale=ru_RU&ssa_is_rtl&sid=c525b8ab6718cc56724ae9f9edb2c2eb2f386038&availability_start_date&availability_end_date&suggest_first_available&suggest_first_available_within_minutes&flow&fallback_flow&time_view&date_view&appointment_types_view&version&accent_color&background&padding&font&booking_url=https%3A%2F%2Filuhooldus.ee%2Fru%2Fbroneeri%2F&booking_post_id=298&booking_title=Broneeri&_wpnonce=4179f1a0e9&redirect_post_id&defer&mepr_membership_id#\/\" height=\"400px\" width=\"100%\" name=\"ssa_booking\" loading=\"eager\" frameborder=\"0\" data-skip-lazy=\"1\" class=\"ssa_booking_iframe skip-lazy\" title=\"Book a time\"><\/iframe>\n\n\n\n<h4 class=\"wp-block-heading has-text-align-center\">www. royalgrace.ee<br>www.kosmeetika24.eu<\/h4>\n<\/div>\n\n\n\n<p class=\"has-text-align-center\">  <strong>TALLINN\u00a0 \u00a0 <\/strong>\u00a0 \u00a0 \u00a0 \u00a0 \u00a0 \u00a0 \u00a0 \u00a0 \u00a0 \u00a0 \u00a0 \u00a0 \u00a0 \u00a0 \u00a0 \u00a0 \u00a0 \u00a0   <strong>TARTU<\/strong><br>\u00a0 \u00a0 \u00a0 \u00a0Hobujaama 4\u00a0 \u00a0 \u00a0 \u00a0 \u00a0 \u00a0 \u00a0 \u00a0 \u00a0 \u00a0 \u00a0 \u00a0 \u00a0 \u00a0 \u00a0 \u00a0Kuperjanovi 70<br>\u00a0 \u00a0 \u00a0+372 5552 1017\u00a0 \u00a0 \u00a0 \u00a0 \u00a0 \u00a0 \u00a0 \u00a0 \u00a0 \u00a0 \u00a0 \u00a0 \u00a0 +372 5551 3625<\/p>\n\n\n\n<div class=\"wp-block-columns is-layout-flex wp-container-core-columns-is-layout-28f84493 wp-block-columns-is-layout-flex\">\n<div class=\"wp-block-column is-layout-flow wp-block-column-is-layout-flow\" style=\"flex-basis:100%\"><\/div>\n<\/div>\n<\/div>\n\n\n\n<p><\/p>","protected":false},"excerpt":{"rendered":"<p>Avasta oma sisemine ilu ja naudi t\u00e4iuslikku heaolu meie professionaalsete teenuste abil Tervise ja Ilu Oasis Tartus pakub professionaalset n\u00e4ohooldust, massaa\u017ei ja personaalset n\u00f5ustamist. Meie s\u00f5bralik personal aitab teil saavutada tervise- ja ilueesm\u00e4rke. www. royalgrace.eewww.kosmeetika24.eu TALLINN\u00a0 \u00a0 \u00a0 \u00a0 \u00a0 \u00a0 \u00a0 \u00a0 \u00a0 \u00a0 \u00a0 \u00a0 \u00a0 \u00a0 \u00a0 \u00a0 \u00a0 \u00a0 \u00a0 \u00a0 [&hellip;]<\/p>\n","protected":false},"author":1,"featured_media":0,"parent":0,"menu_order":0,"comment_status":"closed","ping_status":"closed","template":"","meta":{"footnotes":""},"class_list":["post-298","page","type-page","status-publish","hentry"],"jetpack_sharing_enabled":true,"_links":{"self":[{"href":"https:\/\/iluhooldus.ee\/ru\/wp-json\/wp\/v2\/pages\/298","targetHints":{"allow":["GET"]}}],"collection":[{"href":"https:\/\/iluhooldus.ee\/ru\/wp-json\/wp\/v2\/pages"}],"about":[{"href":"https:\/\/iluhooldus.ee\/ru\/wp-json\/wp\/v2\/types\/page"}],"author":[{"embeddable":true,"href":"https:\/\/iluhooldus.ee\/ru\/wp-json\/wp\/v2\/users\/1"}],"replies":[{"embeddable":true,"href":"https:\/\/iluhooldus.ee\/ru\/wp-json\/wp\/v2\/comments?post=298"}],"version-history":[{"count":13,"href":"https:\/\/iluhooldus.ee\/ru\/wp-json\/wp\/v2\/pages\/298\/revisions"}],"predecessor-version":[{"id":328,"href":"https:\/\/iluhooldus.ee\/ru\/wp-json\/wp\/v2\/pages\/298\/revisions\/328"}],"wp:attachment":[{"href":"https:\/\/iluhooldus.ee\/ru\/wp-json\/wp\/v2\/media?parent=298"}],"curies":[{"name":"wp","href":"https:\/\/api.w.org\/{rel}","templated":true}]}}