{"id":36,"date":"2024-05-14T10:31:02","date_gmt":"2024-05-14T10:31:02","guid":{"rendered":"https:\/\/iluhooldus.ee\/?page_id=36"},"modified":"2025-11-13T13:17:58","modified_gmt":"2025-11-13T10:17:58","slug":"ultrahelihooldus-valgusteraapiaga","status":"publish","type":"page","link":"https:\/\/iluhooldus.ee\/ru\/ultrahelihooldus-valgusteraapiaga\/","title":{"rendered":"\u0423\u043b\u044c\u0442\u0440\u0430\u0437\u0432\u0443\u043a\u043e\u0432\u0430\u044f \u0447\u0438\u0441\u0442\u043a\u0430 \u0441\u043e \u0441\u0432\u0435\u0442\u043e\u0442\u0435\u0440\u0430\u043f\u0438\u0435\u0439"},"content":{"rendered":"\n<div class=\"wp-block-group alignwide is-vertical is-layout-flex wp-container-core-group-is-layout-fe9cc265 wp-block-group-is-layout-flex\">\n<h2 class=\"wp-block-heading alignwide\">Ultrahelihooldus valgusteraapiaga<\/h2>\n\n\n\n<p>T\u00e4nap\u00e4evane ja efektiivne protseduur, mis pakub mitmek\u00fclgset lahendust nahahooldusele. Ideaalne kombinatsioon, mis v\u00f5imaldab saavutada mitmeid eeliseid \u00fche seansi ajal.<br><br>Selle protseduuri eesm\u00e4rk on stimuleerida naharakke, aidates neil uueneda ja taastuda ning samal ajal v\u00e4hendada p\u00f5letikku.<\/p>\n<\/div>\n\n\n\n<div class=\"wp-block-group alignwide is-layout-flow wp-block-group-is-layout-flow\">\n<div class=\"wp-block-columns alignwide are-vertically-aligned-center is-layout-flex wp-container-core-columns-is-layout-28f84493 wp-block-columns-is-layout-flex\">\n<div class=\"wp-block-column is-vertically-aligned-center is-layout-flow wp-block-column-is-layout-flow\"><style id=\"wpforms-css-vars-527-block-653e350b-353e-4d29-a8a8-3c3be8b51096\">\n\t\t\t\t#wpforms-527.wpforms-block-653e350b-353e-4d29-a8a8-3c3be8b51096 {\n\t\t\t\t--wpforms-field-size-input-height: 43px;\n--wpforms-field-size-input-spacing: 15px;\n--wpforms-field-size-font-size: 16px;\n--wpforms-field-size-line-height: 19px;\n--wpforms-field-size-padding-h: 14px;\n--wpforms-field-size-checkbox-size: 16px;\n--wpforms-field-size-sublabel-spacing: 5px;\n--wpforms-field-size-icon-size: 1;\n--wpforms-label-size-font-size: 16px;\n--wpforms-label-size-line-height: 19px;\n--wpforms-label-size-sublabel-font-size: 14px;\n--wpforms-label-size-sublabel-line-height: 17px;\n--wpforms-button-size-font-size: 17px;\n--wpforms-button-size-height: 41px;\n--wpforms-button-size-padding-h: 15px;\n--wpforms-button-size-margin-top: 10px;\n\t\t\t}\n\t\t\t<\/style><div class=\"wpforms-container wpforms-container-full wpforms-block wpforms-block-653e350b-353e-4d29-a8a8-3c3be8b51096 wpforms-render-modern\" id=\"wpforms-527\"><form id=\"wpforms-form-527\" class=\"wpforms-validate wpforms-form wpforms-ajax-form\" data-formid=\"527\" method=\"post\" enctype=\"multipart\/form-data\" action=\"\/ru\/wp-json\/wp\/v2\/pages\/36\" data-token=\"cdc2b5fb6452636c928580cd03d940b3\" data-token-time=\"1776764142\"><noscript class=\"wpforms-error-noscript\">\u0414\u043b\u044f \u0437\u0430\u043f\u043e\u043b\u043d\u0435\u043d\u0438\u044f \u0434\u0430\u043d\u043d\u043e\u0439 \u0444\u043e\u0440\u043c\u044b \u0432\u043a\u043b\u044e\u0447\u0438\u0442\u0435 JavaScript \u0432 \u0431\u0440\u0430\u0443\u0437\u0435\u0440\u0435.<\/noscript><div id=\"wpforms-error-noscript\" style=\"display: none;\">\u0414\u043b\u044f \u0437\u0430\u043f\u043e\u043b\u043d\u0435\u043d\u0438\u044f \u0434\u0430\u043d\u043d\u043e\u0439 \u0444\u043e\u0440\u043c\u044b \u0432\u043a\u043b\u044e\u0447\u0438\u0442\u0435 JavaScript \u0432 \u0431\u0440\u0430\u0443\u0437\u0435\u0440\u0435.<\/div><div class=\"wpforms-field-container\"><div id=\"wpforms-527-field_7-container\" class=\"wpforms-field wpforms-field-text\" data-field-id=\"7\"><label class=\"wpforms-field-label\" for=\"wpforms-527-field_7\">Nimi <span class=\"wpforms-required-label\" aria-hidden=\"true\">*<\/span><\/label><input type=\"text\" id=\"wpforms-527-field_7\" class=\"wpforms-field-large wpforms-field-required\" name=\"wpforms[fields][7]\" aria-errormessage=\"wpforms-527-field_7-error\" required><\/div>\t\t<div id=\"wpforms-527-field_1-container\"\n\t\t\tclass=\"wpforms-field wpforms-field-text\"\n\t\t\tdata-field-type=\"text\"\n\t\t\tdata-field-id=\"1\"\n\t\t\t>\n\t\t\t<label class=\"wpforms-field-label\" for=\"wpforms-527-field_1\" >Nimi number E-mail<\/label>\n\t\t\t<input type=\"text\" id=\"wpforms-527-field_1\" class=\"wpforms-field-medium\" name=\"wpforms[fields][1]\" >\n\t\t<\/div>\n\t\t<div id=\"wpforms-527-field_8-container\" class=\"wpforms-field wpforms-field-text\" data-field-id=\"8\"><label class=\"wpforms-field-label\" for=\"wpforms-527-field_8\">Telefoni number <span class=\"wpforms-required-label\" aria-hidden=\"true\">*<\/span><\/label><input type=\"text\" id=\"wpforms-527-field_8\" class=\"wpforms-field-large wpforms-field-required\" name=\"wpforms[fields][8]\" aria-errormessage=\"wpforms-527-field_8-error\" required><\/div><div id=\"wpforms-527-field_9-container\" class=\"wpforms-field wpforms-field-text\" data-field-id=\"9\"><label class=\"wpforms-field-label\" for=\"wpforms-527-field_9\">E-mail <span class=\"wpforms-required-label\" aria-hidden=\"true\">*<\/span><\/label><input type=\"text\" id=\"wpforms-527-field_9\" class=\"wpforms-field-large wpforms-field-required\" name=\"wpforms[fields][9]\" aria-errormessage=\"wpforms-527-field_9-error\" required><\/div><script>\n\t\t\t\t( function() {\n\t\t\t\t\tconst style = document.createElement( 'style' );\n\t\t\t\t\tstyle.appendChild( document.createTextNode( '#wpforms-527-field_1-container { position: absolute !important; overflow: hidden !important; display: inline !important; height: 1px !important; width: 1px !important; z-index: -1000 !important; padding: 0 !important; } #wpforms-527-field_1-container input { visibility: hidden; } #wpforms-conversational-form-page #wpforms-527-field_1-container label { counter-increment: none; }' ) );\n\t\t\t\t\tdocument.head.appendChild( style );\n\t\t\t\t\tdocument.currentScript?.remove();\n\t\t\t\t} )();\n\t\t\t<\/script><\/div><!-- .wpforms-field-container --><div class=\"wpforms-submit-container\" ><input type=\"hidden\" name=\"wpforms[id]\" value=\"527\"><input type=\"hidden\" name=\"page_title\" value=\"\"><input type=\"hidden\" name=\"page_url\" value=\"https:\/\/iluhooldus.ee\/ru\/wp-json\/wp\/v2\/pages\/36\"><input type=\"hidden\" name=\"url_referer\" value=\"\"><button type=\"submit\" name=\"wpforms[submit]\" id=\"wpforms-submit-527\" class=\"wpforms-submit\" aria-live=\"assertive\" value=\"wpforms-submit\">Broneeri<\/button><img loading=\"lazy\" decoding=\"async\" src=\"https:\/\/iluhooldus.ee\/wp-content\/plugins\/wpforms-lite\/assets\/images\/submit-spin.svg\" class=\"wpforms-submit-spinner\" style=\"display: none;\" width=\"26\" height=\"26\" alt=\"\u0417\u0430\u0433\u0440\u0443\u0437\u043a\u0430\"><\/div><\/form><\/div>  <!-- .wpforms-container --><\/div>\n\n\n\n<div class=\"wp-block-column is-vertically-aligned-center is-layout-flow wp-block-column-is-layout-flow\">\n<figure class=\"wp-block-image size-large is-resized\"><img loading=\"lazy\" decoding=\"async\" width=\"1024\" height=\"1024\" src=\"https:\/\/iluhooldus.ee\/wp-content\/uploads\/2025\/01\/UHH-EST-1-1024x1024.jpg\" alt=\"\" class=\"wp-image-415\" style=\"width:554px;height:auto\" srcset=\"https:\/\/iluhooldus.ee\/wp-content\/uploads\/2025\/01\/UHH-EST-1-1024x1024.jpg 1024w, https:\/\/iluhooldus.ee\/wp-content\/uploads\/2025\/01\/UHH-EST-1-300x300.jpg 300w, https:\/\/iluhooldus.ee\/wp-content\/uploads\/2025\/01\/UHH-EST-1-150x150.jpg 150w, https:\/\/iluhooldus.ee\/wp-content\/uploads\/2025\/01\/UHH-EST-1-768x768.jpg 768w, https:\/\/iluhooldus.ee\/wp-content\/uploads\/2025\/01\/UHH-EST-1-1536x1536.jpg 1536w, https:\/\/iluhooldus.ee\/wp-content\/uploads\/2025\/01\/UHH-EST-1-12x12.jpg 12w, https:\/\/iluhooldus.ee\/wp-content\/uploads\/2025\/01\/UHH-EST-1.jpg 1800w\" sizes=\"auto, (max-width: 1024px) 100vw, 1024px\" \/><\/figure>\n<\/div>\n<\/div>\n\n\n\n<p><\/p>\n\n\n\n<p>Ultraheli kasutamine nahahoolduses on tuntud oma v\u00f5ime poolest tungida s\u00fcgavale nahakihtidesse, kus see soodustab kollageeni ja elastiini tootmist. See omakorda aitab parandada naha tekstuuri, v\u00e4hendada kortse ja peeneid jooni ning anda nahale noorusliku s\u00e4ra. Lisaks aitab ultraheli eemaldada surnud naharakke ja parandada toimeainete imendumist, muutes teised nahahooldustooted efektiivsemaks.<\/p>\n<\/div>\n\n\n\n<div class=\"wp-block-group alignfull has-background-background-color has-background has-global-padding is-layout-constrained wp-container-core-group-is-layout-7276a2bb wp-block-group-is-layout-constrained\" style=\"margin-top:0;margin-bottom:0;padding-top:var(--wp--preset--spacing--60);padding-right:var(--wp--preset--spacing--30);padding-bottom:var(--wp--preset--spacing--60);padding-left:var(--wp--preset--spacing--30)\">\n<div class=\"wp-block-columns alignwide is-layout-flex wp-container-core-columns-is-layout-47c06fe3 wp-block-columns-is-layout-flex\">\n<div class=\"wp-block-column is-layout-flow wp-block-column-is-layout-flow\" style=\"flex-basis:50%\">\n<h3 class=\"wp-block-heading has-text-align-left\" style=\"margin-top:12px\">Miks see on eriline?<\/h3>\n\n\n\n<figure class=\"wp-block-image size-large is-resized\"><img loading=\"lazy\" decoding=\"async\" width=\"1024\" height=\"1024\" src=\"https:\/\/iluhooldus.ee\/wp-content\/uploads\/2024\/05\/UHH-1024x1024.png\" alt=\"\" class=\"wp-image-40\" style=\"width:435px;height:auto\" srcset=\"https:\/\/iluhooldus.ee\/wp-content\/uploads\/2024\/05\/UHH-1024x1024.png 1024w, https:\/\/iluhooldus.ee\/wp-content\/uploads\/2024\/05\/UHH-300x300.png 300w, https:\/\/iluhooldus.ee\/wp-content\/uploads\/2024\/05\/UHH-150x150.png 150w, https:\/\/iluhooldus.ee\/wp-content\/uploads\/2024\/05\/UHH-768x768.png 768w, https:\/\/iluhooldus.ee\/wp-content\/uploads\/2024\/05\/UHH-1536x1536.png 1536w, https:\/\/iluhooldus.ee\/wp-content\/uploads\/2024\/05\/UHH.png 1800w\" sizes=\"auto, (max-width: 1024px) 100vw, 1024px\" \/><\/figure>\n<\/div>\n\n\n\n<div class=\"wp-block-column is-layout-flow wp-container-core-column-is-layout-f5bb311e wp-block-column-is-layout-flow\" style=\"flex-basis:50%\">\n<p class=\"has-text-align-center\">Valgusteraapia, teise komponendina, t\u00e4iendab ultraheli toimet, pakkudes erinevate v\u00e4rvidega LED-tulede abil spetsiifilist ravi. Igal v\u00e4rvil on oma omadused ja eelised.<\/p>\n\n\n\n<p class=\"has-text-align-center\">Punane valgus aitab stimuleerida kollageeni tootmist ja v\u00e4hendada p\u00f5letikku<\/p>\n\n\n\n<p class=\"has-text-align-center\">Sinine valgus v\u00f5itleb bakterite vastu ja v\u00e4hendab aknet ning roheline valgus aitab v\u00e4hendada punetust ja parandada naha \u00fchtlust.<\/p>\n\n\n\n<p class=\"has-text-align-center\">Kombineerides ultraheli ja valgusteraapiat \u00fcheks terviklikuks protseduuriks, saavutatakse s\u00fcnergiline efekt, mis parandab naha seisundit mitmel viisil. See protseduur sobib h\u00e4sti nii vananemisilmingute v\u00e4hendamiseks kui ka akne raviks. Lisaks sellele on see mitteinvasiivne ja valutu, mis teeb sellest populaarse valiku neile, kes soovivad nahka t\u00f5husalt hooldada, ilma pikema taastumisajata.<\/p>\n<\/div>\n<\/div>\n<\/div>\n\n\n\n<div class=\"wp-block-group alignfull has-background-background-color has-background has-global-padding is-layout-constrained wp-container-core-group-is-layout-7276a2bb wp-block-group-is-layout-constrained\" style=\"margin-top:0;margin-bottom:0;padding-top:var(--wp--preset--spacing--60);padding-right:var(--wp--preset--spacing--30);padding-bottom:var(--wp--preset--spacing--60);padding-left:var(--wp--preset--spacing--30)\">\n<div class=\"wp-block-columns alignwide are-vertically-aligned-center is-layout-flex wp-container-core-columns-is-layout-47c06fe3 wp-block-columns-is-layout-flex\">\n<div class=\"wp-block-column is-vertically-aligned-center is-layout-flow wp-block-column-is-layout-flow\" style=\"flex-basis:60%\">\n<h3 class=\"wp-block-heading has-text-align-left\">Tulemus<\/h3>\n\n\n\n<p>\u00dcldiselt v\u00f5ib \u00f6elda, et ultraheli koos valgusteraapiaga on t\u00f5hus protseduur, mis aitab saavutada siledama, nooruslikuma ja tervema nahav\u00e4limuse, andes nahale \u00fchtlase tooni ja elastsuse, mida paljud inimesed ihaldavad.<\/p>\n<\/div>\n\n\n\n<div class=\"wp-block-column is-vertically-aligned-center is-layout-flow wp-container-core-column-is-layout-f5bb311e wp-block-column-is-layout-flow\" style=\"flex-basis:50%\">\n<figure class=\"wp-block-image\"><img loading=\"lazy\" decoding=\"async\" width=\"1280\" height=\"960\" src=\"https:\/\/iluhooldus.ee\/wp-content\/uploads\/2024\/05\/image.jpeg\" alt=\"\" class=\"wp-image-38\" srcset=\"https:\/\/iluhooldus.ee\/wp-content\/uploads\/2024\/05\/image.jpeg 1280w, https:\/\/iluhooldus.ee\/wp-content\/uploads\/2024\/05\/image-300x225.jpeg 300w, https:\/\/iluhooldus.ee\/wp-content\/uploads\/2024\/05\/image-1024x768.jpeg 1024w, https:\/\/iluhooldus.ee\/wp-content\/uploads\/2024\/05\/image-768x576.jpeg 768w\" sizes=\"auto, (max-width: 1280px) 100vw, 1280px\" \/><\/figure>\n<\/div>\n<\/div>\n<\/div>\n\n\n\n<div class=\"wp-block-group alignfull has-background-background-color has-background has-global-padding is-layout-constrained wp-container-core-group-is-layout-7276a2bb wp-block-group-is-layout-constrained\" style=\"margin-top:0;margin-bottom:0;padding-top:var(--wp--preset--spacing--60);padding-right:var(--wp--preset--spacing--30);padding-bottom:var(--wp--preset--spacing--60);padding-left:var(--wp--preset--spacing--30)\">\n<div class=\"wp-block-group alignwide has-global-padding is-content-justification-center is-layout-constrained wp-block-group-is-layout-constrained\">\n<h3 class=\"wp-block-heading has-text-align-center\">Pakume laia valikut professionaalseid teenuseid<\/h3>\n\n\n\n<p class=\"has-text-align-center\" style=\"margin-top:16px\">Mis aitavad saavutada parema tervise ja ilu. Meie kogenud spetsialistid on p\u00fchendunud teie heaolule ja pakuvad personaalset l\u00e4henemist igale kliendile. Tutvuge meie teenustega ja leidke endale sobivaim lahendus.<\/p>\n<\/div>\n\n\n\n<div class=\"wp-block-columns alignwide is-layout-flex wp-container-core-columns-is-layout-87beb0d0 wp-block-columns-is-layout-flex\">\n<div class=\"wp-block-column has-tertiary-background-color has-background is-layout-flow wp-block-column-is-layout-flow\">\n<div class=\"wp-block-group has-global-padding is-layout-constrained wp-container-core-group-is-layout-659b56d5 wp-block-group-is-layout-constrained\" style=\"padding-top:var(--wp--preset--spacing--30);padding-right:24px;padding-bottom:var(--wp--preset--spacing--30);padding-left:24px\">\n<h3 class=\"wp-block-heading has-text-align-center has-primary-color has-text-color has-x-large-font-size\">100+<\/h3>\n\n\n\n<h3 class=\"wp-block-heading has-text-align-center has-medium-font-size\" style=\"margin-top:16px\">Professionaalne N\u00e4ohooldus<\/h3>\n\n\n\n<p class=\"has-text-align-center has-small-font-size\" style=\"margin-top:8px\">Erinevate n\u00e4ohoolduste valik, mis aitavad parandada nahakvaliteeti ja noorendada v\u00e4limust.<\/p>\n<\/div>\n<\/div>\n\n\n\n<div class=\"wp-block-column has-tertiary-background-color has-background is-layout-flow wp-block-column-is-layout-flow\">\n<div class=\"wp-block-group has-global-padding is-layout-constrained wp-container-core-group-is-layout-659b56d5 wp-block-group-is-layout-constrained\" style=\"padding-top:var(--wp--preset--spacing--30);padding-right:24px;padding-bottom:var(--wp--preset--spacing--30);padding-left:24px\">\n<h3 class=\"wp-block-heading has-text-align-center has-primary-color has-text-color has-x-large-font-size\">5000+<\/h3>\n\n\n\n<h3 class=\"wp-block-heading has-text-align-center has-medium-font-size\" style=\"margin-top:16px\">Personaalsed N\u00f5ustamine<\/h3>\n\n\n\n<p class=\"has-text-align-center has-small-font-size\" style=\"margin-top:8px\">Meie kogenud ja s\u00f5bralik personal Tallinnas ja Tartus aitab teil saavutada tervise- ja ilueesm\u00e4rke professionaalse n\u00e4ohoolduse, massaa\u017ei ja personaalse n\u00f5ustamisega.<\/p>\n<\/div>\n<\/div>\n\n\n\n<div class=\"wp-block-column has-tertiary-background-color has-background is-layout-flow wp-block-column-is-layout-flow\">\n<div class=\"wp-block-group has-global-padding is-layout-constrained wp-container-core-group-is-layout-659b56d5 wp-block-group-is-layout-constrained\" style=\"padding-top:var(--wp--preset--spacing--30);padding-right:24px;padding-bottom:var(--wp--preset--spacing--30);padding-left:24px\">\n<h3 class=\"wp-block-heading has-text-align-center has-primary-color has-text-color has-x-large-font-size\">50+<\/h3>\n\n\n\n<h3 class=\"wp-block-heading has-text-align-center has-medium-font-size\" style=\"margin-top:16px\">Kogenud Spetsialistid<\/h3>\n\n\n\n<p class=\"has-text-align-center has-small-font-size\" style=\"margin-top:8px\">S\u00f5bralik ja kogenud spetsialistid, kes on p\u00fchendunud teie heaolule ja soovib aidata teil saavutada oma tervise- ja ilueesm\u00e4rke.<\/p>\n<\/div>\n<\/div>\n<\/div>\n<\/div>\n\n\n\n<h3 class=\"wp-block-heading has-text-align-center\" style=\"margin-top:12px\">K\u00fcsimused<\/h3>\n\n\n\n<div class=\"wp-block-group alignfull has-background-background-color has-background has-global-padding is-layout-constrained wp-container-core-group-is-layout-7276a2bb wp-block-group-is-layout-constrained\" style=\"margin-top:0;margin-bottom:0;padding-top:var(--wp--preset--spacing--60);padding-right:var(--wp--preset--spacing--30);padding-bottom:var(--wp--preset--spacing--60);padding-left:var(--wp--preset--spacing--30)\">\n<div class=\"wp-block-group has-global-padding is-layout-constrained wp-block-group-is-layout-constrained\" style=\"border-bottom-color:var(--wp--preset--color--tertiary);border-bottom-width:1px;margin-top:0;padding-top:var(--wp--preset--spacing--30);padding-bottom:var(--wp--preset--spacing--30)\">\n<h4 class=\"wp-block-heading has-medium-font-size\">Milliseid tulemusi v\u00f5ib oodata ultraheli koos valgusteraapiaga protseduurist?<\/h4>\n\n\n\n<p><strong>Naha noorendamine ja kortsude v\u00e4hendamine<\/strong>.<\/p>\n\n\n\n<p>Ultraheli stimuleerib kollageeni ja elastiini tootmist, parandades naha tekstuuri ja v\u00e4hendades kortse. Punane valgus valgusteraapias suurendab kollageeni tootmist, taastades naha elastsuse ja pinguldatuse.<\/p>\n\n\n\n<p><strong>P\u00f5letiku v\u00e4hendamine ja akne armide ravimine<\/strong><\/p>\n\n\n\n<p>Sinine valgus valgusteraapias omab antibakteriaalseid omadusi, v\u00f5ideldes aknet p\u00f5hjustavate bakterite vastu ja v\u00e4hendades p\u00f5letikku. Ultraheli v\u00e4hendab rasun\u00e4\u00e4rmete aktiivsust, kontrollides aknet ja uute vistrike teket.<\/p>\n\n\n\n<p><strong>Naha toonuse ja elastsuse parandamine<\/strong><\/p>\n\n\n\n<p>Ultraheli parandab nahaaluste kudede toonust ja elastsust, andes nooruslikuma v\u00e4ljan\u00e4gemise. Valgusteraapia erinevad v\u00e4rvid v\u00e4hendavad punetust ja parandavad naha toonust.<\/p>\n\n\n\n<p><strong>Toimeainete imendumine ja naha niisutatus<\/strong><\/p>\n\n\n\n<p>Ultraheli eemaldab surnud naharakud, parandades toimeainete imendumist. Valgusteraapia parandab naha niisutatust ja vee tasakaalu.<\/p>\n\n\n\n<p><strong>Parandatud naha tekstuur ja v\u00e4ljan\u00e4gemine<\/strong><\/p>\n\n\n\n<p>Kombineeritud protseduur muudab naha tekstuuri siledamaks, s\u00e4ravamaks ja tervislikumaks. Nahk on v\u00e4hem punetav, \u00fchtlasema tooniga ja vabam aknest ning teistest ebakorrap\u00e4rasustest.<\/p>\n<\/div>\n\n\n\n<div class=\"wp-block-group has-global-padding is-layout-constrained wp-block-group-is-layout-constrained\" style=\"border-bottom-color:var(--wp--preset--color--tertiary);border-bottom-width:1px;margin-top:0;padding-top:var(--wp--preset--spacing--30);padding-bottom:var(--wp--preset--spacing--30)\">\n<h4 class=\"wp-block-heading has-medium-font-size\">Kas ma pean eelnevalt aja broneerima?<\/h4>\n\n\n\n<p class=\"has-small-font-size\" style=\"margin-top:12px\">Jah, soovitame kindlasti aeg eelnevalt broneerida, et tagada teile parim teenindus. Palun t\u00e4itke allpool olev vorm v\u00f5i helistage meie kliinikusse ilu v\u00f5i sekretarile.<\/p>\n<\/div>\n\n\n\n<div class=\"wp-block-group has-global-padding is-layout-constrained wp-block-group-is-layout-constrained\" style=\"border-bottom-color:var(--wp--preset--color--tertiary);border-bottom-width:1px;margin-top:0;padding-top:var(--wp--preset--spacing--30);padding-bottom:var(--wp--preset--spacing--30)\">\n<h4 class=\"wp-block-heading has-medium-font-size\">Millised on vastun\u00e4idustused protseduurile?<\/h4>\n\n\n\n<ul class=\"wp-block-list\">\n<li>Rasedus<\/li>\n\n\n\n<li>Nahahaigused (nt aktiivne herpesinfektsioon v\u00f5i avatud haavad)<\/li>\n\n\n\n<li>Teatud ravimite kasutamine<\/li>\n\n\n\n<li>Nahav\u00e4hk v\u00f5i hiljuti l\u00e4bi viidud nahav\u00e4hi eemaldamise operatsioon<\/li>\n\n\n\n<li>Fotosensitiivsus<\/li>\n\n\n\n<li>Autoimmuunhaigused<br><br>*See pakkumine kehtib ainult siis, kui teie viimasest k\u00fclastusest on m\u00f6\u00f6dunud aasta.<\/li>\n<\/ul>\n<\/div>\n\n\n\n<div class=\"wp-block-group has-global-padding is-layout-constrained wp-block-group-is-layout-constrained\" style=\"border-bottom-color:var(--wp--preset--color--tertiary);border-bottom-width:1px;margin-top:0;padding-top:var(--wp--preset--spacing--30);padding-bottom:var(--wp--preset--spacing--30)\">\n<h4 class=\"wp-block-heading has-medium-font-size\">Kui kaua kestab protseduur?<\/h4>\n\n\n\n<p class=\"has-small-font-size\" style=\"margin-top:12px\">Kohtumine kestab \u00fcks tund ning see sisaldab peale protseduuri ka <strong>TASUTA <\/strong>konsultatsiooni individuaalsete vajaduste arutamiseks protseduuri ajal.<\/p>\n<\/div>\n\n\n\n<div class=\"wp-block-group has-global-padding is-layout-constrained wp-block-group-is-layout-constrained\" style=\"margin-top:0;padding-top:var(--wp--preset--spacing--30);padding-bottom:0\">\n<h4 class=\"wp-block-heading has-medium-font-size\">Millised on teie personaalse n\u00f5ustamise teenused?<\/h4>\n\n\n\n<p class=\"has-small-font-size\" style=\"margin-top:12px\">Royal Grace&#8217;il on p\u00fchendumus j\u00e4rjepidevusele, kvaliteetsele teenindusele ja teie individuaalsete vajaduste t\u00e4itmisele.<\/p>\n<\/div>\n\n\n\n<div class=\"wp-block-group alignwide has-tertiary-background-color has-background has-global-padding is-content-justification-center is-layout-constrained wp-container-core-group-is-layout-65ff1edc wp-block-group-is-layout-constrained\" style=\"margin-top:var(--wp--preset--spacing--60);margin-bottom:var(--wp--preset--spacing--60);padding-top:var(--wp--preset--spacing--40);padding-right:var(--wp--preset--spacing--30);padding-bottom:var(--wp--preset--spacing--40);padding-left:var(--wp--preset--spacing--30)\">\n<h3 class=\"wp-block-heading has-text-align-center\" style=\"margin-top:12px\">V\u00f5ta meiega \u00fchendust<\/h3>\n\n\n\n<p class=\"has-text-align-center\" style=\"margin-top:16px\">V\u00f5ta \u00fchendust meiega ja broneeri aeg professionaalseks n\u00e4ohoolduseks<\/p>\n\n\n\n<div class=\"wp-block-buttons is-content-justification-center is-layout-flex wp-container-core-buttons-is-layout-a89b3969 wp-block-buttons-is-layout-flex\">\n<div class=\"wp-block-button is-style-fill\"><a class=\"wp-block-button__link wp-element-button\" href=\"https:\/\/iluhooldus.ee\/kontakt\/\">Registreeri<\/a><\/div>\n<\/div>\n<\/div>\n<\/div>\n","protected":false},"excerpt":{"rendered":"<p>Ultrahelihooldus valgusteraapiaga T\u00e4nap\u00e4evane ja efektiivne protseduur, mis pakub mitmek\u00fclgset lahendust nahahooldusele. Ideaalne kombinatsioon, mis v\u00f5imaldab saavutada mitmeid eeliseid \u00fche seansi ajal. Selle protseduuri eesm\u00e4rk on stimuleerida naharakke, aidates neil uueneda ja taastuda ning samal ajal v\u00e4hendada p\u00f5letikku. Ultraheli kasutamine nahahoolduses on tuntud oma v\u00f5ime poolest tungida s\u00fcgavale nahakihtidesse, kus see soodustab kollageeni ja elastiini tootmist. [&hellip;]<\/p>\n","protected":false},"author":1,"featured_media":0,"parent":0,"menu_order":0,"comment_status":"closed","ping_status":"closed","template":"","meta":{"footnotes":""},"class_list":["post-36","page","type-page","status-publish","hentry"],"jetpack_sharing_enabled":true,"_links":{"self":[{"href":"https:\/\/iluhooldus.ee\/ru\/wp-json\/wp\/v2\/pages\/36","targetHints":{"allow":["GET"]}}],"collection":[{"href":"https:\/\/iluhooldus.ee\/ru\/wp-json\/wp\/v2\/pages"}],"about":[{"href":"https:\/\/iluhooldus.ee\/ru\/wp-json\/wp\/v2\/types\/page"}],"author":[{"embeddable":true,"href":"https:\/\/iluhooldus.ee\/ru\/wp-json\/wp\/v2\/users\/1"}],"replies":[{"embeddable":true,"href":"https:\/\/iluhooldus.ee\/ru\/wp-json\/wp\/v2\/comments?post=36"}],"version-history":[{"count":14,"href":"https:\/\/iluhooldus.ee\/ru\/wp-json\/wp\/v2\/pages\/36\/revisions"}],"predecessor-version":[{"id":543,"href":"https:\/\/iluhooldus.ee\/ru\/wp-json\/wp\/v2\/pages\/36\/revisions\/543"}],"wp:attachment":[{"href":"https:\/\/iluhooldus.ee\/ru\/wp-json\/wp\/v2\/media?parent=36"}],"curies":[{"name":"wp","href":"https:\/\/api.w.org\/{rel}","templated":true}]}}