{"id":567,"date":"2026-01-29T17:08:44","date_gmt":"2026-01-29T14:08:44","guid":{"rendered":"https:\/\/iluhooldus.ee\/?page_id=567"},"modified":"2026-02-03T14:53:53","modified_gmt":"2026-02-03T11:53:53","slug":"noorendav-naohooldus-led-valgusteraapiaga","status":"publish","type":"page","link":"https:\/\/iluhooldus.ee\/ru\/noorendav-naohooldus-led-valgusteraapiaga\/","title":{"rendered":"\u041e\u043c\u043e\u043b\u0430\u0436\u0438\u0432\u0430\u044e\u0449\u0430\u044f \u043f\u0440\u043e\u0446\u0435\u0434\u0443\u0440\u0430 \u0434\u043b\u044f \u043b\u0438\u0446\u0430 \u0441 LED-\u0441\u0432\u0435\u0442\u043e\u0442\u0435\u0440\u0430\u043f\u0438\u0435\u0439"},"content":{"rendered":"\n<div class=\"wp-block-group alignwide has-global-padding is-layout-constrained wp-block-group-is-layout-constrained\">\n<div class=\"wp-block-group alignwide is-vertical is-layout-flex wp-container-core-group-is-layout-fe9cc265 wp-block-group-is-layout-flex\">\n<p>Oleme viinud oma naha noorendamise ja puhastamise hoolduse uuele tasemele, lisades innovaatilise LED-valgusteraapia. Nii saab sinu nahk samaaegselt s\u00fcgavalt hooldatud ja stimuleeritud valgusravi abil \u2014 tulemuseks parem elastsus, peenemate joonte silumine ning terve, s\u00e4rav ja \u00fchtlane jume.<\/p>\n\n\n\n<p><\/p>\n<\/div>\n<\/div>\n\n\n\n<div class=\"wp-block-media-text alignwide is-stacked-on-mobile\" style=\"grid-template-columns:40% auto\"><figure class=\"wp-block-media-text__media\"><img loading=\"lazy\" decoding=\"async\" width=\"1024\" height=\"859\" src=\"https:\/\/iluhooldus.ee\/wp-content\/uploads\/2026\/01\/LEDS-e1769695455851-1024x859.jpg\" alt=\"\" class=\"wp-image-571 size-full\" srcset=\"https:\/\/iluhooldus.ee\/wp-content\/uploads\/2026\/01\/LEDS-e1769695455851-1024x859.jpg 1024w, https:\/\/iluhooldus.ee\/wp-content\/uploads\/2026\/01\/LEDS-e1769695455851-300x252.jpg 300w, https:\/\/iluhooldus.ee\/wp-content\/uploads\/2026\/01\/LEDS-e1769695455851-768x644.jpg 768w, https:\/\/iluhooldus.ee\/wp-content\/uploads\/2026\/01\/LEDS-e1769695455851-1536x1289.jpg 1536w, https:\/\/iluhooldus.ee\/wp-content\/uploads\/2026\/01\/LEDS-e1769695455851-14x12.jpg 14w, https:\/\/iluhooldus.ee\/wp-content\/uploads\/2026\/01\/LEDS-e1769695455851.jpg 1800w\" sizes=\"auto, (max-width: 1024px) 100vw, 1024px\" \/><\/figure><div class=\"wp-block-media-text__content\"><style id=\"wpforms-css-vars-524-block-78ab7a76-2afd-46c9-b1bb-ee38ae29e3ef\">\n\t\t\t\t#wpforms-524.wpforms-block-78ab7a76-2afd-46c9-b1bb-ee38ae29e3ef {\n\t\t\t\t--wpforms-field-size-input-height: 43px;\n--wpforms-field-size-input-spacing: 15px;\n--wpforms-field-size-font-size: 16px;\n--wpforms-field-size-line-height: 19px;\n--wpforms-field-size-padding-h: 14px;\n--wpforms-field-size-checkbox-size: 16px;\n--wpforms-field-size-sublabel-spacing: 5px;\n--wpforms-field-size-icon-size: 1;\n--wpforms-label-size-font-size: 16px;\n--wpforms-label-size-line-height: 19px;\n--wpforms-label-size-sublabel-font-size: 14px;\n--wpforms-label-size-sublabel-line-height: 17px;\n--wpforms-button-size-font-size: 17px;\n--wpforms-button-size-height: 41px;\n--wpforms-button-size-padding-h: 15px;\n--wpforms-button-size-margin-top: 10px;\n\t\t\t}\n\t\t\t<\/style><div class=\"wpforms-container wpforms-container-full wpforms-block wpforms-block-78ab7a76-2afd-46c9-b1bb-ee38ae29e3ef wpforms-render-modern\" id=\"wpforms-524\"><form id=\"wpforms-form-524\" class=\"wpforms-validate wpforms-form wpforms-ajax-form\" data-formid=\"524\" method=\"post\" enctype=\"multipart\/form-data\" action=\"\/ru\/wp-json\/wp\/v2\/pages\/567\" data-token=\"2e1c3f7f91a96b3ef692b6c1115e6640\" data-token-time=\"1778155773\"><noscript class=\"wpforms-error-noscript\">\u0414\u043b\u044f \u0437\u0430\u043f\u043e\u043b\u043d\u0435\u043d\u0438\u044f \u0434\u0430\u043d\u043d\u043e\u0439 \u0444\u043e\u0440\u043c\u044b \u0432\u043a\u043b\u044e\u0447\u0438\u0442\u0435 JavaScript \u0432 \u0431\u0440\u0430\u0443\u0437\u0435\u0440\u0435.<\/noscript><div id=\"wpforms-error-noscript\" style=\"display: none;\">\u0414\u043b\u044f \u0437\u0430\u043f\u043e\u043b\u043d\u0435\u043d\u0438\u044f \u0434\u0430\u043d\u043d\u043e\u0439 \u0444\u043e\u0440\u043c\u044b \u0432\u043a\u043b\u044e\u0447\u0438\u0442\u0435 JavaScript \u0432 \u0431\u0440\u0430\u0443\u0437\u0435\u0440\u0435.<\/div><div class=\"wpforms-field-container\"><div id=\"wpforms-524-field_7-container\" class=\"wpforms-field wpforms-field-text\" data-field-id=\"7\"><label class=\"wpforms-field-label\" for=\"wpforms-524-field_7\">Nimi <span class=\"wpforms-required-label\" aria-hidden=\"true\">*<\/span><\/label><input type=\"text\" id=\"wpforms-524-field_7\" class=\"wpforms-field-large wpforms-field-required\" name=\"wpforms[fields][7]\" aria-errormessage=\"wpforms-524-field_7-error\" required><\/div>\t\t<div id=\"wpforms-524-field_1-container\"\n\t\t\tclass=\"wpforms-field wpforms-field-text\"\n\t\t\tdata-field-type=\"text\"\n\t\t\tdata-field-id=\"1\"\n\t\t\t>\n\t\t\t<label class=\"wpforms-field-label\" for=\"wpforms-524-field_1\" >Nimi number Telefoni<\/label>\n\t\t\t<input type=\"text\" id=\"wpforms-524-field_1\" class=\"wpforms-field-medium\" name=\"wpforms[fields][1]\" >\n\t\t<\/div>\n\t\t<div id=\"wpforms-524-field_8-container\" class=\"wpforms-field wpforms-field-text\" data-field-id=\"8\"><label class=\"wpforms-field-label\" for=\"wpforms-524-field_8\">Telefoni number <span class=\"wpforms-required-label\" aria-hidden=\"true\">*<\/span><\/label><input type=\"text\" id=\"wpforms-524-field_8\" class=\"wpforms-field-large wpforms-field-required\" name=\"wpforms[fields][8]\" aria-errormessage=\"wpforms-524-field_8-error\" required><\/div><div id=\"wpforms-524-field_9-container\" class=\"wpforms-field wpforms-field-text\" data-field-id=\"9\"><label class=\"wpforms-field-label\" for=\"wpforms-524-field_9\">E-mail <span class=\"wpforms-required-label\" aria-hidden=\"true\">*<\/span><\/label><input type=\"text\" id=\"wpforms-524-field_9\" class=\"wpforms-field-large wpforms-field-required\" name=\"wpforms[fields][9]\" aria-errormessage=\"wpforms-524-field_9-error\" required><\/div><script>\n\t\t\t\t( function() {\n\t\t\t\t\tconst style = document.createElement( 'style' );\n\t\t\t\t\tstyle.appendChild( document.createTextNode( '#wpforms-524-field_1-container { position: absolute !important; overflow: hidden !important; display: inline !important; height: 1px !important; width: 1px !important; z-index: -1000 !important; padding: 0 !important; } #wpforms-524-field_1-container input { visibility: hidden; } #wpforms-conversational-form-page #wpforms-524-field_1-container label { counter-increment: none; }' ) );\n\t\t\t\t\tdocument.head.appendChild( style );\n\t\t\t\t\tdocument.currentScript?.remove();\n\t\t\t\t} )();\n\t\t\t<\/script><\/div><!-- .wpforms-field-container --><div class=\"wpforms-submit-container\" ><input type=\"hidden\" name=\"wpforms[id]\" value=\"524\"><input type=\"hidden\" name=\"page_title\" value=\"\"><input type=\"hidden\" name=\"page_url\" value=\"https:\/\/iluhooldus.ee\/ru\/wp-json\/wp\/v2\/pages\/567\"><input type=\"hidden\" name=\"url_referer\" value=\"\"><button type=\"submit\" name=\"wpforms[submit]\" id=\"wpforms-submit-524\" class=\"wpforms-submit\" aria-live=\"assertive\" value=\"wpforms-submit\">Broneeri<\/button><img loading=\"lazy\" decoding=\"async\" src=\"https:\/\/iluhooldus.ee\/wp-content\/plugins\/wpforms-lite\/assets\/images\/submit-spin.svg\" class=\"wpforms-submit-spinner\" style=\"display: none;\" width=\"26\" height=\"26\" alt=\"\u0417\u0430\u0433\u0440\u0443\u0437\u043a\u0430\"><\/div><\/form><\/div>  <!-- .wpforms-container --><\/div><\/div>\n\n\n\n<div style=\"height:26px\" aria-hidden=\"true\" class=\"wp-block-spacer\"><\/div>\n\n\n\n<h3 class=\"wp-block-heading has-text-align-center\"><strong>Miks valida LED valgisteraapia?<\/strong><\/h3>\n\n\n\n<p><\/p>\n\n\n\n<ul class=\"wp-block-list\">\n<li><strong>Nooruslikkus hetkega:<\/strong> Aitab parandada naha tekstuuri, muutes selle siledamaks, pehmemaks ja elastsemaks.<\/li>\n\n\n\n<li><strong>Kortse v\u00e4hendav toime:<\/strong> Stimuleerib kollageeni tootmist, silub peeneid jooni ja muudab naha pringimaks.<\/li>\n\n\n\n<li><strong>T\u00f5hus ja ohutu:<\/strong> Sobib peaaegu k\u00f5igile nahat\u00fc\u00fcpidele ning tagab tulemused ilma valulike protseduurideta.<\/li>\n\n\n\n<li><strong>Mitmek\u00fclgne hooldus<\/strong>: Toidab nahka s\u00fcgavuti, parandades selle v\u00e4ljan\u00e4gemist ja tervislikkust.<\/li>\n<\/ul>\n\n\n\n<div class=\"wp-block-media-text alignwide has-media-on-the-right is-stacked-on-mobile\" style=\"grid-template-columns:auto 39%\"><div class=\"wp-block-media-text__content\">\n<p><\/p>\n\n\n\n<p>Oleme viinud oma naha noorendamise ja puhastamise hoolduse uuele tasemele, lisades innovaatilise LED-valgusteraapia. Nii saab sinu nahk samaaegselt s\u00fcgavalt hooldatud ja stimuleeritud valgusravi abil \u2014 tulemuseks parem elastsus, peenemate joonte silumine ning terve, s\u00e4rav ja \u00fchtlane jume.<\/p>\n\n\n\n<p>LED mask aitab kaasa naha terviklikule taastumisele, parandades toonust, struktuuri ja s\u00e4ravust ning on suurep\u00e4rane <strong>lisandus igale ilurituaalile<\/strong>.<\/p>\n<\/div><figure class=\"wp-block-media-text__media\"><img loading=\"lazy\" decoding=\"async\" width=\"1024\" height=\"1024\" src=\"https:\/\/iluhooldus.ee\/wp-content\/uploads\/2026\/01\/LED-2-1024x1024.jpg\" alt=\"\" class=\"wp-image-572 size-full\" srcset=\"https:\/\/iluhooldus.ee\/wp-content\/uploads\/2026\/01\/LED-2-1024x1024.jpg 1024w, https:\/\/iluhooldus.ee\/wp-content\/uploads\/2026\/01\/LED-2-300x300.jpg 300w, https:\/\/iluhooldus.ee\/wp-content\/uploads\/2026\/01\/LED-2-150x150.jpg 150w, https:\/\/iluhooldus.ee\/wp-content\/uploads\/2026\/01\/LED-2-768x768.jpg 768w, https:\/\/iluhooldus.ee\/wp-content\/uploads\/2026\/01\/LED-2-1536x1536.jpg 1536w, https:\/\/iluhooldus.ee\/wp-content\/uploads\/2026\/01\/LED-2-12x12.jpg 12w, https:\/\/iluhooldus.ee\/wp-content\/uploads\/2026\/01\/LED-2.jpg 1800w\" sizes=\"auto, (max-width: 1024px) 100vw, 1024px\" \/><\/figure><\/div>\n\n\n\n<div class=\"wp-block-media-text alignwide is-stacked-on-mobile\" style=\"grid-template-columns:40% auto\"><figure class=\"wp-block-media-text__media\"><img loading=\"lazy\" decoding=\"async\" width=\"1024\" height=\"683\" src=\"https:\/\/iluhooldus.ee\/wp-content\/uploads\/2024\/12\/beautiful-gorgeous-mid-aged-mature-woman-looking-a-2021-09-02-14-46-43-utc-1-min-1024x683.jpg\" alt=\"\" class=\"wp-image-353 size-full\" srcset=\"https:\/\/iluhooldus.ee\/wp-content\/uploads\/2024\/12\/beautiful-gorgeous-mid-aged-mature-woman-looking-a-2021-09-02-14-46-43-utc-1-min-1024x683.jpg 1024w, https:\/\/iluhooldus.ee\/wp-content\/uploads\/2024\/12\/beautiful-gorgeous-mid-aged-mature-woman-looking-a-2021-09-02-14-46-43-utc-1-min-300x200.jpg 300w, https:\/\/iluhooldus.ee\/wp-content\/uploads\/2024\/12\/beautiful-gorgeous-mid-aged-mature-woman-looking-a-2021-09-02-14-46-43-utc-1-min-768x512.jpg 768w, https:\/\/iluhooldus.ee\/wp-content\/uploads\/2024\/12\/beautiful-gorgeous-mid-aged-mature-woman-looking-a-2021-09-02-14-46-43-utc-1-min-1536x1025.jpg 1536w, https:\/\/iluhooldus.ee\/wp-content\/uploads\/2024\/12\/beautiful-gorgeous-mid-aged-mature-woman-looking-a-2021-09-02-14-46-43-utc-1-min-18x12.jpg 18w, https:\/\/iluhooldus.ee\/wp-content\/uploads\/2024\/12\/beautiful-gorgeous-mid-aged-mature-woman-looking-a-2021-09-02-14-46-43-utc-1-min.jpg 1601w\" sizes=\"auto, (max-width: 1024px) 100vw, 1024px\" \/><\/figure><div class=\"wp-block-media-text__content\">\n<h3 class=\"wp-block-heading\"><strong>Kuidas LED valgusterapeutiline mask nahale m\u00f5jub<\/strong><\/h3>\n\n\n\n<p>\u2728 Punane valgus stimuleerib kollageeni tootmist, parandab vereringet ja aitab siluda peeneid jooni ning kortse.<\/p>\n\n\n\n<p><br>\ud83d\udd35 Sinine valgus aitab v\u00e4hendada aknet tekitavaid baktereid, rahustab nahka ja tasakaalustab rasueritust.<\/p>\n\n\n\n<p>\ud83c\udf08 L\u00e4hiinfrapuna (NIR) valgus toetab rakkude uuenemist ja naha tugevnemist s\u00fcgavamates nahakihtides.<\/p>\n<\/div><\/div>\n\n\n\n<h2 class=\"wp-block-heading has-text-align-center\">K\u00fcsimused<\/h2>\n\n\n<p><strong>Kas LED valgusteraapia on nahale ohutu?<\/strong><\/p>\n<p>Jah. LED valgusteraapia on <strong data-start=\"278\" data-end=\"314\">ohutu, mitteinvasiivne ja valutu<\/strong> hooldus, mis ei kahjusta nahka ega tekita kuumatunnet. Seda kasutatakse laialdaselt nii esteetilises kosmeetikas kui ka dermatoloogias.<\/p>\n<p><strong>Kas LED maskiga hooldus sobib igale nahat\u00fc\u00fcbile?<\/strong><\/p>\n<p>\u00dcldjuhul sobib LED valgusteraapia <strong data-start=\"550\" data-end=\"575\">k\u00f5igile nahat\u00fc\u00fcpidele<\/strong>, sh tundlikule nahale. Hooldus kohandatakse vastavalt naha seisundile ja vajadustele.<\/p>\n<p><strong>Kas hooldus on valulik v\u00f5i ebamugav?<br \/><\/strong><br \/>Ei. Hooldus on <strong data-start=\"730\" data-end=\"761\">t\u00e4iesti valutu ja l\u00f5\u00f5gastav<\/strong>. LED maski all tunnetatakse vaid kerget soojust v\u00f5i meeldivat valgust.<\/p>\n<p><strong>Kui kiiresti on tulemusi n\u00e4ha?<\/strong><\/p>\n<p data-start=\"880\" data-end=\"1056\">Paljud kliendid m\u00e4rkavad juba <strong data-start=\"910\" data-end=\"937\">p\u00e4rast esimest hooldust<\/strong> naha s\u00e4ravamat ja v\u00e4rskemat v\u00e4ljan\u00e4gemist. P\u00fcsivamate tulemuste saavutamiseks soovitame kuurina l\u00e4biviidavat hooldust.<\/p>\n<p><strong>Kas LED valgusteraapia aitab ka akne ja ebapuhtuste korral?<br \/><\/strong><br \/>Jah. Eriti sinine valgus aitab v\u00e4hendada aknet p\u00f5hjustavaid baktereid, rahustab p\u00f5letikku ja tasakaalustab rasueritust.<\/p>\n<p><strong>Kas p\u00e4rast hooldust on taastumisaeg?<br \/><\/strong><br \/>Ei ole. P\u00e4rast hooldust v\u00f5ib kohe j\u00e4tkata igap\u00e4evaste tegevustega. Nahk v\u00f5ib olla lihtsalt v\u00e4rskem ja s\u00e4ravam.<\/p>\n\n\n<div style=\"height:8px\" aria-hidden=\"true\" class=\"wp-block-spacer\"><\/div>\n\n\n\n<div class=\"wp-block-group has-global-padding is-layout-constrained wp-block-group-is-layout-constrained\" style=\"border-bottom-color:var(--wp--preset--color--tertiary);border-bottom-width:1px;margin-top:0;padding-top:var(--wp--preset--spacing--30);padding-bottom:var(--wp--preset--spacing--30)\">\n<h4 class=\"wp-block-heading has-medium-font-size\">Millised on vastun\u00e4idustused protseduurile?<\/h4>\n\n\n\n<ul class=\"wp-block-list\">\n<li>Herpes aktiivses vormis n\u00e4ol.<\/li>\n\n\n\n<li>Nahahaigused.<\/li>\n\n\n\n<li>Avatud haavad v\u00f5i nahakahjustused.<\/li>\n\n\n\n<li>Allergiad protseduuris kasutatavatele koostisosadele.<\/li>\n\n\n\n<li>P\u00e4ikesep\u00f5letused.<\/li>\n\n\n\n<li>Valgustundlikus.<br><br>*See pakkumine kehtib ainult siis, kui teie viimasest k\u00fclastusest on m\u00f6\u00f6dunud aasta.<\/li>\n<\/ul>\n<\/div>\n\n\n\n<div class=\"wp-block-group has-global-padding is-layout-constrained wp-block-group-is-layout-constrained\" style=\"border-bottom-color:var(--wp--preset--color--tertiary);border-bottom-width:1px;margin-top:0;padding-top:var(--wp--preset--spacing--30);padding-bottom:var(--wp--preset--spacing--30)\">\n<h4 class=\"wp-block-heading has-medium-font-size\">Kui kaua kestab protseduur?<\/h4>\n\n\n\n<p class=\"has-small-font-size\" style=\"margin-top:12px\">Kohtumine kestab \u00fcks tund ning see sisaldab peale protseduuri ka <strong>TASUTA <\/strong>konsultatsiooni individuaalsete vajaduste arutamiseks protseduuri ajal.<\/p>\n<\/div>\n\n\n\n<div class=\"wp-block-group has-global-padding is-layout-constrained wp-block-group-is-layout-constrained\" style=\"margin-top:0;padding-top:var(--wp--preset--spacing--30);padding-bottom:0\">\n<h4 class=\"wp-block-heading has-medium-font-size\">Millised on teie personaalse n\u00f5ustamise teenused?<\/h4>\n\n\n\n<p class=\"has-small-font-size\" style=\"margin-top:12px\">Royal Grace&#8217;il on p\u00fchendumus j\u00e4rjepidevusele, kvaliteetsele teenindusele ja teie individuaalsete vajaduste t\u00e4itmisele.<\/p>\n<\/div>\n\n\n\n<div class=\"wp-block-group alignwide has-tertiary-background-color has-background has-global-padding is-content-justification-center is-layout-constrained wp-container-core-group-is-layout-65ff1edc wp-block-group-is-layout-constrained\" style=\"margin-top:var(--wp--preset--spacing--60);margin-bottom:var(--wp--preset--spacing--60);padding-top:var(--wp--preset--spacing--40);padding-right:var(--wp--preset--spacing--30);padding-bottom:var(--wp--preset--spacing--40);padding-left:var(--wp--preset--spacing--30)\">\n<h3 class=\"wp-block-heading has-text-align-center\" style=\"margin-top:12px\">V\u00f5ta meiega \u00fchendust<\/h3>\n\n\n\n<p class=\"has-text-align-center\" style=\"margin-top:16px\">V\u00f5ta \u00fchendust meiega ja broneeri aeg professionaalseks n\u00e4ohoolduseks<\/p>\n\n\n\n<div class=\"wp-block-buttons is-content-justification-center is-layout-flex wp-container-core-buttons-is-layout-a89b3969 wp-block-buttons-is-layout-flex\">\n<div class=\"wp-block-button is-style-fill\"><a class=\"wp-block-button__link wp-element-button\" href=\"https:\/\/iluhooldus.ee\/kontakt\/\">Registreeri<\/a><\/div>\n<\/div>\n<\/div>\n\n\n\n<p><\/p>\n","protected":false},"excerpt":{"rendered":"<p>Oleme viinud oma naha noorendamise ja puhastamise hoolduse uuele tasemele, lisades innovaatilise LED-valgusteraapia. Nii saab sinu nahk samaaegselt s\u00fcgavalt hooldatud ja stimuleeritud valgusravi abil \u2014 tulemuseks parem elastsus, peenemate joonte silumine ning terve, s\u00e4rav ja \u00fchtlane jume. Miks valida LED valgisteraapia? Oleme viinud oma naha noorendamise ja puhastamise hoolduse uuele tasemele, lisades innovaatilise LED-valgusteraapia. Nii [&hellip;]<\/p>\n","protected":false},"author":1,"featured_media":0,"parent":0,"menu_order":0,"comment_status":"closed","ping_status":"closed","template":"page-with-title","meta":{"footnotes":""},"class_list":["post-567","page","type-page","status-publish","hentry"],"jetpack_sharing_enabled":true,"_links":{"self":[{"href":"https:\/\/iluhooldus.ee\/ru\/wp-json\/wp\/v2\/pages\/567","targetHints":{"allow":["GET"]}}],"collection":[{"href":"https:\/\/iluhooldus.ee\/ru\/wp-json\/wp\/v2\/pages"}],"about":[{"href":"https:\/\/iluhooldus.ee\/ru\/wp-json\/wp\/v2\/types\/page"}],"author":[{"embeddable":true,"href":"https:\/\/iluhooldus.ee\/ru\/wp-json\/wp\/v2\/users\/1"}],"replies":[{"embeddable":true,"href":"https:\/\/iluhooldus.ee\/ru\/wp-json\/wp\/v2\/comments?post=567"}],"version-history":[{"count":9,"href":"https:\/\/iluhooldus.ee\/ru\/wp-json\/wp\/v2\/pages\/567\/revisions"}],"predecessor-version":[{"id":586,"href":"https:\/\/iluhooldus.ee\/ru\/wp-json\/wp\/v2\/pages\/567\/revisions\/586"}],"wp:attachment":[{"href":"https:\/\/iluhooldus.ee\/ru\/wp-json\/wp\/v2\/media?parent=567"}],"curies":[{"name":"wp","href":"https:\/\/api.w.org\/{rel}","templated":true}]}}